{"id":23089,"date":"2025-08-30T00:56:12","date_gmt":"2025-08-30T00:56:12","guid":{"rendered":"https:\/\/cipele.ba\/shop\/uncategorized\/adidas-patike-tensaur-sport-5\/"},"modified":"2026-04-14T06:01:59","modified_gmt":"2026-04-14T06:01:59","slug":"adidas-patike-tensaur-sport-5","status":"publish","type":"product","link":"https:\/\/cipele.ba\/en\/shop\/muskarci\/muske-patike\/adidas-patike-tensaur-sport-5\/","title":{"rendered":"Adidas Patike Tensaur Sport"},"content":{"rendered":"<p>Ove adidas patike dolaze sa podesivim trakama na kop\u010du koje vam omogu\u0107avaju da svoju bebu obu\u010dete i skinete u rekordnom vremenu. EVA \u0111on mu daje podr\u0161ku koja mu je potrebna za igranje, puzanje i prve korake, \u010dine\u0107i ih savr\u0161enim pratiocem za njegove svakodnevne avanture.<\/p>","protected":false},"excerpt":{"rendered":"<p>Ove adidas patike dolaze sa podesivim trakama na kop\u010du koje vam omogu\u0107avaju da svoju bebu obu\u010dete i skinete u rekordnom vremenu. EVA \u0111on mu daje podr\u0161ku koja mu je potrebna za igranje, puzanje i prve korake, \u010dine\u0107i ih savr\u0161enim pratiocem za njegove svakodnevne avanture.<\/p>","protected":false},"featured_media":23086,"template":"","meta":{"jetpack_post_was_ever_published":false},"product_brand":[89],"product_cat":[67],"product_tag":[],"class_list":{"0":"post-23089","1":"product","2":"type-product","3":"status-publish","4":"has-post-thumbnail","6":"product_brand-mocca_commerce","7":"product_cat-muske-patike","9":"first","10":"instock","11":"shipping-taxable","12":"product-type-external"},"jetpack-related-posts":[],"jetpack_sharing_enabled":true,"_links":{"self":[{"href":"https:\/\/cipele.ba\/en\/wp-json\/wp\/v2\/product\/23089","targetHints":{"allow":["GET"]}}],"collection":[{"href":"https:\/\/cipele.ba\/en\/wp-json\/wp\/v2\/product"}],"about":[{"href":"https:\/\/cipele.ba\/en\/wp-json\/wp\/v2\/types\/product"}],"wp:featuredmedia":[{"embeddable":true,"href":"https:\/\/cipele.ba\/en\/wp-json\/wp\/v2\/media\/23086"}],"wp:attachment":[{"href":"https:\/\/cipele.ba\/en\/wp-json\/wp\/v2\/media?parent=23089"}],"wp:term":[{"taxonomy":"product_brand","embeddable":true,"href":"https:\/\/cipele.ba\/en\/wp-json\/wp\/v2\/product_brand?post=23089"},{"taxonomy":"product_cat","embeddable":true,"href":"https:\/\/cipele.ba\/en\/wp-json\/wp\/v2\/product_cat?post=23089"},{"taxonomy":"product_tag","embeddable":true,"href":"https:\/\/cipele.ba\/en\/wp-json\/wp\/v2\/product_tag?post=23089"}],"curies":[{"name":"wp","href":"https:\/\/api.w.org\/{rel}","templated":true}]}}