{"id":23095,"date":"2025-08-30T00:56:17","date_gmt":"2025-08-30T00:56:17","guid":{"rendered":"https:\/\/cipele.ba\/shop\/uncategorized\/joma-patike-maxima-2404-in\/"},"modified":"2026-04-16T21:01:03","modified_gmt":"2026-04-16T21:01:03","slug":"joma-patike-maxima-2404-in","status":"publish","type":"product","link":"https:\/\/cipele.ba\/en\/shop\/muskarci\/muske-patike\/joma-patike-maxima-2404-in\/","title":{"rendered":"Joma Patike Maxima 2404.IN"},"content":{"rendered":"","protected":false},"excerpt":{"rendered":"<p>Joma MAXIMA 2404 IN patike su savr\u0161ene za po\u010detnike i amatere koji se bave futsalom. Srednji sloj izra\u0111en od visokokvalitetnog phylon materijala omogu\u0107ava udoban hod i odli\u010dan povrat energije\u00a0 svakim korakom.<\/p>","protected":false},"featured_media":23093,"template":"","meta":{"jetpack_post_was_ever_published":false},"product_brand":[89],"product_cat":[67],"product_tag":[],"class_list":{"0":"post-23095","1":"product","2":"type-product","3":"status-publish","4":"has-post-thumbnail","6":"product_brand-mocca_commerce","7":"product_cat-muske-patike","9":"first","10":"instock","11":"shipping-taxable","12":"product-type-external"},"jetpack-related-posts":[],"jetpack_sharing_enabled":true,"_links":{"self":[{"href":"https:\/\/cipele.ba\/en\/wp-json\/wp\/v2\/product\/23095","targetHints":{"allow":["GET"]}}],"collection":[{"href":"https:\/\/cipele.ba\/en\/wp-json\/wp\/v2\/product"}],"about":[{"href":"https:\/\/cipele.ba\/en\/wp-json\/wp\/v2\/types\/product"}],"wp:featuredmedia":[{"embeddable":true,"href":"https:\/\/cipele.ba\/en\/wp-json\/wp\/v2\/media\/23093"}],"wp:attachment":[{"href":"https:\/\/cipele.ba\/en\/wp-json\/wp\/v2\/media?parent=23095"}],"wp:term":[{"taxonomy":"product_brand","embeddable":true,"href":"https:\/\/cipele.ba\/en\/wp-json\/wp\/v2\/product_brand?post=23095"},{"taxonomy":"product_cat","embeddable":true,"href":"https:\/\/cipele.ba\/en\/wp-json\/wp\/v2\/product_cat?post=23095"},{"taxonomy":"product_tag","embeddable":true,"href":"https:\/\/cipele.ba\/en\/wp-json\/wp\/v2\/product_tag?post=23095"}],"curies":[{"name":"wp","href":"https:\/\/api.w.org\/{rel}","templated":true}]}}