{"id":23106,"date":"2025-08-30T00:56:23","date_gmt":"2025-08-30T00:56:23","guid":{"rendered":"https:\/\/cipele.ba\/shop\/uncategorized\/skechers-patike-uno-lite-metallic-love-3\/"},"modified":"2026-04-08T03:44:53","modified_gmt":"2026-04-08T03:44:53","slug":"skechers-patike-uno-lite-metallic-love-3","status":"publish","type":"product","link":"https:\/\/cipele.ba\/en\/shop\/muskarci\/muske-patike\/skechers-patike-uno-lite-metallic-love-3\/","title":{"rendered":"Skechers Patike Uno Lite Metallic Love"},"content":{"rendered":"","protected":false},"excerpt":{"rendered":"<p>Uno Lite Metallic Love patike su savr\u0161en izbor za one koji \u017eele spojiti umjetnost, modu i udobnost. Idealne su za svakodnevne aktivnosti i prilike u kojima \u017eelite izraziti svoju kreativnost.<\/p>","protected":false},"featured_media":23104,"template":"","meta":{"jetpack_post_was_ever_published":false},"product_brand":[89],"product_cat":[67],"product_tag":[],"class_list":{"0":"post-23106","1":"product","2":"type-product","3":"status-publish","4":"has-post-thumbnail","6":"product_brand-mocca_commerce","7":"product_cat-muske-patike","9":"first","10":"instock","11":"shipping-taxable","12":"product-type-external"},"jetpack-related-posts":[],"jetpack_sharing_enabled":true,"_links":{"self":[{"href":"https:\/\/cipele.ba\/en\/wp-json\/wp\/v2\/product\/23106","targetHints":{"allow":["GET"]}}],"collection":[{"href":"https:\/\/cipele.ba\/en\/wp-json\/wp\/v2\/product"}],"about":[{"href":"https:\/\/cipele.ba\/en\/wp-json\/wp\/v2\/types\/product"}],"wp:featuredmedia":[{"embeddable":true,"href":"https:\/\/cipele.ba\/en\/wp-json\/wp\/v2\/media\/23104"}],"wp:attachment":[{"href":"https:\/\/cipele.ba\/en\/wp-json\/wp\/v2\/media?parent=23106"}],"wp:term":[{"taxonomy":"product_brand","embeddable":true,"href":"https:\/\/cipele.ba\/en\/wp-json\/wp\/v2\/product_brand?post=23106"},{"taxonomy":"product_cat","embeddable":true,"href":"https:\/\/cipele.ba\/en\/wp-json\/wp\/v2\/product_cat?post=23106"},{"taxonomy":"product_tag","embeddable":true,"href":"https:\/\/cipele.ba\/en\/wp-json\/wp\/v2\/product_tag?post=23106"}],"curies":[{"name":"wp","href":"https:\/\/api.w.org\/{rel}","templated":true}]}}