{"id":23123,"date":"2025-08-30T00:56:35","date_gmt":"2025-08-30T00:56:35","guid":{"rendered":"https:\/\/cipele.ba\/shop\/uncategorized\/puma-patike-carina-2-0-2\/"},"modified":"2026-04-10T02:18:27","modified_gmt":"2026-04-10T02:18:27","slug":"puma-patike-carina-2-0-2","status":"publish","type":"product","link":"https:\/\/cipele.ba\/en\/shop\/muskarci\/muske-patike\/puma-patike-carina-2-0-2\/","title":{"rendered":"Puma Patike Carina 2.0"},"content":{"rendered":"","protected":false},"excerpt":{"rendered":"<p>Inspirisan opu\u0161tenom kalifornijskom atmosferom 80-ih, Carina je oli\u010denje hladno\u0107e bez napora. Najnovije izdanje je preure\u0111eno sa debljim, teksturiranijim \u0111onom.<\/p>","protected":false},"featured_media":23119,"template":"","meta":{"jetpack_post_was_ever_published":false},"product_brand":[89],"product_cat":[67],"product_tag":[],"class_list":{"0":"post-23123","1":"product","2":"type-product","3":"status-publish","4":"has-post-thumbnail","6":"product_brand-mocca_commerce","7":"product_cat-muske-patike","9":"first","10":"instock","11":"shipping-taxable","12":"product-type-external"},"jetpack-related-posts":[],"jetpack_sharing_enabled":true,"_links":{"self":[{"href":"https:\/\/cipele.ba\/en\/wp-json\/wp\/v2\/product\/23123","targetHints":{"allow":["GET"]}}],"collection":[{"href":"https:\/\/cipele.ba\/en\/wp-json\/wp\/v2\/product"}],"about":[{"href":"https:\/\/cipele.ba\/en\/wp-json\/wp\/v2\/types\/product"}],"wp:featuredmedia":[{"embeddable":true,"href":"https:\/\/cipele.ba\/en\/wp-json\/wp\/v2\/media\/23119"}],"wp:attachment":[{"href":"https:\/\/cipele.ba\/en\/wp-json\/wp\/v2\/media?parent=23123"}],"wp:term":[{"taxonomy":"product_brand","embeddable":true,"href":"https:\/\/cipele.ba\/en\/wp-json\/wp\/v2\/product_brand?post=23123"},{"taxonomy":"product_cat","embeddable":true,"href":"https:\/\/cipele.ba\/en\/wp-json\/wp\/v2\/product_cat?post=23123"},{"taxonomy":"product_tag","embeddable":true,"href":"https:\/\/cipele.ba\/en\/wp-json\/wp\/v2\/product_tag?post=23123"}],"curies":[{"name":"wp","href":"https:\/\/api.w.org\/{rel}","templated":true}]}}