{"id":23464,"date":"2025-08-30T01:17:38","date_gmt":"2025-08-30T01:17:38","guid":{"rendered":"https:\/\/cipele.ba\/shop\/uncategorized\/adidas-patike-mid-city-low\/"},"modified":"2026-04-21T10:43:42","modified_gmt":"2026-04-21T10:43:42","slug":"adidas-patike-mid-city-low","status":"publish","type":"product","link":"https:\/\/cipele.ba\/en\/shop\/zene\/zenske-patike\/adidas-patike-mid-city-low\/","title":{"rendered":"Adidas Patike Mid City Low"},"content":{"rendered":"","protected":false},"excerpt":{"rendered":"<p>Adidas Midcity Low patike kombinuju ekolo\u0161ku ko\u017eu i tekstil za prozra\u010dni, ali izdr\u017eljiv dizajn, sa udobnom postavom i gumeni \u0111on za cijelodnevni stil i za\u0161titu.<\/p>","protected":false},"featured_media":23462,"template":"","meta":{"jetpack_post_was_ever_published":false},"product_brand":[89],"product_cat":[63],"product_tag":[],"class_list":{"0":"post-23464","1":"product","2":"type-product","3":"status-publish","4":"has-post-thumbnail","6":"product_brand-mocca_commerce","7":"product_cat-zenske-patike","9":"first","10":"instock","11":"shipping-taxable","12":"product-type-external"},"jetpack-related-posts":[],"jetpack_sharing_enabled":true,"_links":{"self":[{"href":"https:\/\/cipele.ba\/en\/wp-json\/wp\/v2\/product\/23464","targetHints":{"allow":["GET"]}}],"collection":[{"href":"https:\/\/cipele.ba\/en\/wp-json\/wp\/v2\/product"}],"about":[{"href":"https:\/\/cipele.ba\/en\/wp-json\/wp\/v2\/types\/product"}],"wp:featuredmedia":[{"embeddable":true,"href":"https:\/\/cipele.ba\/en\/wp-json\/wp\/v2\/media\/23462"}],"wp:attachment":[{"href":"https:\/\/cipele.ba\/en\/wp-json\/wp\/v2\/media?parent=23464"}],"wp:term":[{"taxonomy":"product_brand","embeddable":true,"href":"https:\/\/cipele.ba\/en\/wp-json\/wp\/v2\/product_brand?post=23464"},{"taxonomy":"product_cat","embeddable":true,"href":"https:\/\/cipele.ba\/en\/wp-json\/wp\/v2\/product_cat?post=23464"},{"taxonomy":"product_tag","embeddable":true,"href":"https:\/\/cipele.ba\/en\/wp-json\/wp\/v2\/product_tag?post=23464"}],"curies":[{"name":"wp","href":"https:\/\/api.w.org\/{rel}","templated":true}]}}