{"id":23487,"date":"2025-08-30T01:17:50","date_gmt":"2025-08-30T01:17:50","guid":{"rendered":"https:\/\/cipele.ba\/shop\/uncategorized\/puma-patike-karmen-ii-idol-jr\/"},"modified":"2026-04-05T15:16:58","modified_gmt":"2026-04-05T15:16:58","slug":"puma-patike-karmen-ii-idol-jr","status":"publish","type":"product","link":"https:\/\/cipele.ba\/en\/shop\/zene\/zenske-patike\/puma-patike-karmen-ii-idol-jr\/","title":{"rendered":"Puma Patike Karmen II Idol JR"},"content":{"rendered":"","protected":false},"excerpt":{"rendered":"<p>Puma patike kombinuju vrhunski kvalitet materijala i moderan dizajn, pru\u017eaju\u0107i savr\u0161en spoj udobnosti i izdr\u017eljivosti.<\/p>","protected":false},"featured_media":23486,"template":"","meta":{"jetpack_post_was_ever_published":false},"product_brand":[89],"product_cat":[63],"product_tag":[],"class_list":{"0":"post-23487","1":"product","2":"type-product","3":"status-publish","4":"has-post-thumbnail","6":"product_brand-mocca_commerce","7":"product_cat-zenske-patike","9":"first","10":"instock","11":"shipping-taxable","12":"product-type-external"},"jetpack-related-posts":[],"jetpack_sharing_enabled":true,"_links":{"self":[{"href":"https:\/\/cipele.ba\/en\/wp-json\/wp\/v2\/product\/23487","targetHints":{"allow":["GET"]}}],"collection":[{"href":"https:\/\/cipele.ba\/en\/wp-json\/wp\/v2\/product"}],"about":[{"href":"https:\/\/cipele.ba\/en\/wp-json\/wp\/v2\/types\/product"}],"wp:featuredmedia":[{"embeddable":true,"href":"https:\/\/cipele.ba\/en\/wp-json\/wp\/v2\/media\/23486"}],"wp:attachment":[{"href":"https:\/\/cipele.ba\/en\/wp-json\/wp\/v2\/media?parent=23487"}],"wp:term":[{"taxonomy":"product_brand","embeddable":true,"href":"https:\/\/cipele.ba\/en\/wp-json\/wp\/v2\/product_brand?post=23487"},{"taxonomy":"product_cat","embeddable":true,"href":"https:\/\/cipele.ba\/en\/wp-json\/wp\/v2\/product_cat?post=23487"},{"taxonomy":"product_tag","embeddable":true,"href":"https:\/\/cipele.ba\/en\/wp-json\/wp\/v2\/product_tag?post=23487"}],"curies":[{"name":"wp","href":"https:\/\/api.w.org\/{rel}","templated":true}]}}