{"id":24409,"date":"2025-09-03T12:53:40","date_gmt":"2025-09-03T12:53:40","guid":{"rendered":"https:\/\/cipele.ba\/shop\/uncategorized\/nike-pegasus-premium-2\/"},"modified":"2026-04-18T21:38:03","modified_gmt":"2026-04-18T21:38:03","slug":"nike-pegasus-premium-2","status":"publish","type":"product","link":"https:\/\/cipele.ba\/en\/shop\/zene\/zenske-patike\/nike-pegasus-premium-2\/","title":{"rendered":"Nike Pegasus Premium"},"content":{"rendered":"<p>Nike Pegasus Premium \u017eenske patike za tr\u010danje upotpunjuju responzivnu amortizaciju trima na\u0161im najmo\u0107nijim tehnologijama za tr\u010danje: ZoomX pjena, oblikovana Air Zoom jedinica i ReactX pjena. Detalji: Rastegljiva kru\u017eno pletena i prozra\u010dna mre\u017easta tkanina na gornji\u0161tu Superlagana ZoomX pjena cijelom du\u017einom pru\u017ea amortizaciju s odrazom Air Zoom jedinica cijelom du\u017einom ubrzava vas pri kretanju naprijed kao nikada do sad Modifikovani vafl spoljni \u0111on od gume izuzetno otporne na abrazije pru\u017ea trakciju Te\u017eina: oko 275 g<\/p>","protected":false},"excerpt":{"rendered":"<p>Nike Pegasus Premium \u017eenske patike za tr\u010danje upotpunjuju responzivnu amortizaciju trima na\u0161im najmo\u0107nijim tehnologijama za tr\u010danje: ZoomX pjena, oblikovana Air Zoom jedinica i ReactX pjena. Detalji: Rastegljiva kru\u017eno pletena i prozra\u010dna mre\u017easta tkanina na gornji\u0161tu Superlagana ZoomX pjena cijelom du\u017einom pru\u017ea amortizaciju s odrazom Air Zoom jedinica cijelom du\u017einom ubrzava vas pri kretanju naprijed kao [&hellip;]<\/p>","protected":false},"featured_media":24406,"template":"","meta":{"jetpack_post_was_ever_published":false},"product_brand":[94],"product_cat":[63],"product_tag":[],"class_list":{"0":"post-24409","1":"product","2":"type-product","3":"status-publish","4":"has-post-thumbnail","6":"product_brand-sport_vision","7":"product_cat-zenske-patike","9":"first","10":"instock","11":"sale","12":"shipping-taxable","13":"product-type-external"},"jetpack-related-posts":[],"jetpack_sharing_enabled":true,"_links":{"self":[{"href":"https:\/\/cipele.ba\/en\/wp-json\/wp\/v2\/product\/24409","targetHints":{"allow":["GET"]}}],"collection":[{"href":"https:\/\/cipele.ba\/en\/wp-json\/wp\/v2\/product"}],"about":[{"href":"https:\/\/cipele.ba\/en\/wp-json\/wp\/v2\/types\/product"}],"wp:featuredmedia":[{"embeddable":true,"href":"https:\/\/cipele.ba\/en\/wp-json\/wp\/v2\/media\/24406"}],"wp:attachment":[{"href":"https:\/\/cipele.ba\/en\/wp-json\/wp\/v2\/media?parent=24409"}],"wp:term":[{"taxonomy":"product_brand","embeddable":true,"href":"https:\/\/cipele.ba\/en\/wp-json\/wp\/v2\/product_brand?post=24409"},{"taxonomy":"product_cat","embeddable":true,"href":"https:\/\/cipele.ba\/en\/wp-json\/wp\/v2\/product_cat?post=24409"},{"taxonomy":"product_tag","embeddable":true,"href":"https:\/\/cipele.ba\/en\/wp-json\/wp\/v2\/product_tag?post=24409"}],"curies":[{"name":"wp","href":"https:\/\/api.w.org\/{rel}","templated":true}]}}