{"id":24436,"date":"2025-09-03T12:53:58","date_gmt":"2025-09-03T12:53:58","guid":{"rendered":"https:\/\/cipele.ba\/shop\/uncategorized\/on-cloudmonster-2-2\/"},"modified":"2026-04-19T07:22:51","modified_gmt":"2026-04-19T07:22:51","slug":"on-cloudmonster-2-2","status":"publish","type":"product","link":"https:\/\/cipele.ba\/en\/shop\/zene\/zenske-patike\/on-cloudmonster-2-2\/","title":{"rendered":"On Cloudmonster 2"},"content":{"rendered":"<p>On Cloudmonster 2 \u017eenske patike za tr\u010danje se vra\u0107aju, sada sa vi\u0161e amortizacije, propulzije i povra\u0107aja energije. Detalji Te\u017eina: 250 g Speedboard\u00ae od me\u0161avine najlona za moment i sna\u017ene odraze Najve\u0107i model CloudTec\u00ae ikad = patike za tr\u010danje s dodatnom amortizacijom Maksimalna amortizacija, maksimalan povra\u0107aj energije Modernizovana Helion\u2122 superpjena dvostruke gustine dodaje odskok Speedboard\u00ae od mje\u0161avine najlona i s oblikom za propulziju Pjenasti ulo\u017eak na prednjoj strani za apsorpciju udara<\/p>","protected":false},"excerpt":{"rendered":"<p>On Cloudmonster 2 \u017eenske patike za tr\u010danje se vra\u0107aju, sada sa vi\u0161e amortizacije, propulzije i povra\u0107aja energije. Detalji Te\u017eina: 250 g Speedboard\u00ae od me\u0161avine najlona za moment i sna\u017ene odraze Najve\u0107i model CloudTec\u00ae ikad = patike za tr\u010danje s dodatnom amortizacijom Maksimalna amortizacija, maksimalan povra\u0107aj energije Modernizovana Helion\u2122 superpjena dvostruke gustine dodaje odskok Speedboard\u00ae od [&hellip;]<\/p>","protected":false},"featured_media":24433,"template":"","meta":{"jetpack_post_was_ever_published":false},"product_brand":[94],"product_cat":[63],"product_tag":[],"class_list":{"0":"post-24436","1":"product","2":"type-product","3":"status-publish","4":"has-post-thumbnail","6":"product_brand-sport_vision","7":"product_cat-zenske-patike","9":"first","10":"instock","11":"sale","12":"shipping-taxable","13":"product-type-external"},"jetpack-related-posts":[],"jetpack_sharing_enabled":true,"_links":{"self":[{"href":"https:\/\/cipele.ba\/en\/wp-json\/wp\/v2\/product\/24436","targetHints":{"allow":["GET"]}}],"collection":[{"href":"https:\/\/cipele.ba\/en\/wp-json\/wp\/v2\/product"}],"about":[{"href":"https:\/\/cipele.ba\/en\/wp-json\/wp\/v2\/types\/product"}],"wp:featuredmedia":[{"embeddable":true,"href":"https:\/\/cipele.ba\/en\/wp-json\/wp\/v2\/media\/24433"}],"wp:attachment":[{"href":"https:\/\/cipele.ba\/en\/wp-json\/wp\/v2\/media?parent=24436"}],"wp:term":[{"taxonomy":"product_brand","embeddable":true,"href":"https:\/\/cipele.ba\/en\/wp-json\/wp\/v2\/product_brand?post=24436"},{"taxonomy":"product_cat","embeddable":true,"href":"https:\/\/cipele.ba\/en\/wp-json\/wp\/v2\/product_cat?post=24436"},{"taxonomy":"product_tag","embeddable":true,"href":"https:\/\/cipele.ba\/en\/wp-json\/wp\/v2\/product_tag?post=24436"}],"curies":[{"name":"wp","href":"https:\/\/api.w.org\/{rel}","templated":true}]}}