{"id":24440,"date":"2025-09-03T12:54:00","date_gmt":"2025-09-03T12:54:00","guid":{"rendered":"https:\/\/cipele.ba\/shop\/uncategorized\/nike-air-jordan-1-acclimate\/"},"modified":"2026-04-27T18:57:38","modified_gmt":"2026-04-27T18:57:38","slug":"nike-air-jordan-1-acclimate","status":"publish","type":"product","link":"https:\/\/cipele.ba\/en\/shop\/zene\/zenske-patike\/nike-air-jordan-1-acclimate\/","title":{"rendered":"Nike Air Jordan 1 Acclimate"},"content":{"rendered":"<p>Nike Air Jordan 1 Acclimate su \u017eenske patike savr\u0161ene za hladno i vla\u017eno vrijeme. Hladno, vla\u017eno vrijeme obi\u010dno zna\u010di da mo\u017ee\u0161 da odlo\u017ei\u0161 svoje Jordan-ke do prolje\u0107a. Sa Nike Air Jordan 1 Acclimate, ti dani su pro\u0161lost. Pola \u010dizme, pola patike, one su u potpunosti izra\u0111ene od zimskih materijala i dizajnirane da ti obezbjede suv i topao osje\u0107aj, zadr\u017eavaju\u0107i pri tome kultni AJ1 izgled. Kultni predio oko prstiju ima utisnute ta\u010dke umjesto klasi\u010dne perforacije. Gumena traka obmotava patiku ta\u010dno iznad \u0111ona daju\u0107i joj tako izdr\u017eljivost. Jezik je oblo\u017een kako bi tvoja stopala ostala suva, a pri dnu je uvu\u010den. Polu-sjajna ko\u017ea na gornji\u0161tu je glatka i laka za odr\u017eavanje. Metalni otvori, kop\u010de i D prstenovi za pertle su klasi\u010dni detalji sa zimskih \u010dizama koji su se savr\u0161eno uklopili u dizajn ovih patika. Preklop u predjelu pete je napravljen od gumirane plastike, a ovim patikama obezbje\u0111uje \u010dvrstinu i izdr\u017eljivost. Otvor i jezik su postavljeni vje\u0161ta\u010dkim krznom koje prelazi ivice i vidi se sa spolja\u0161nje strane, daju\u0107i ovim patikama i vizuelni dojam topline. Zoom Air jastu\u010di\u0107 u peti, u kombinaciji sa srednjim \u0111onom od pjene, daje ti nevjerovatno udoban osje\u0107aj pod stopalom. Gumeni \u0111on je djelimi\u010dno izdubljen u cilju smanjenja te\u017eine patike. Zadnji dio otvora je spu\u0161ten radi postizanja ve\u0107e udobnosti. Specifikacija: \u017denske zimske patike Dubok profil Pertlanje Ko\u017eno gornji\u0161te Zoom Air jedinica u peti Jezi\u010dak za povla\u010denje na zadnjem dijelu Gumeni \u0111on<\/p>","protected":false},"excerpt":{"rendered":"<p>Nike Air Jordan 1 Acclimate su \u017eenske patike savr\u0161ene za hladno i vla\u017eno vrijeme. Hladno, vla\u017eno vrijeme obi\u010dno zna\u010di da mo\u017ee\u0161 da odlo\u017ei\u0161 svoje Jordan-ke do prolje\u0107a. Sa Nike Air Jordan 1 Acclimate, ti dani su pro\u0161lost. Pola \u010dizme, pola patike, one su u potpunosti izra\u0111ene od zimskih materijala i dizajnirane da ti obezbjede suv [&hellip;]<\/p>","protected":false},"featured_media":24437,"template":"","meta":{"jetpack_post_was_ever_published":false},"product_brand":[94],"product_cat":[63],"product_tag":[],"class_list":{"0":"post-24440","1":"product","2":"type-product","3":"status-publish","4":"has-post-thumbnail","6":"product_brand-sport_vision","7":"product_cat-zenske-patike","9":"first","10":"instock","11":"sale","12":"shipping-taxable","13":"product-type-external"},"jetpack-related-posts":[],"jetpack_sharing_enabled":true,"_links":{"self":[{"href":"https:\/\/cipele.ba\/en\/wp-json\/wp\/v2\/product\/24440","targetHints":{"allow":["GET"]}}],"collection":[{"href":"https:\/\/cipele.ba\/en\/wp-json\/wp\/v2\/product"}],"about":[{"href":"https:\/\/cipele.ba\/en\/wp-json\/wp\/v2\/types\/product"}],"wp:featuredmedia":[{"embeddable":true,"href":"https:\/\/cipele.ba\/en\/wp-json\/wp\/v2\/media\/24437"}],"wp:attachment":[{"href":"https:\/\/cipele.ba\/en\/wp-json\/wp\/v2\/media?parent=24440"}],"wp:term":[{"taxonomy":"product_brand","embeddable":true,"href":"https:\/\/cipele.ba\/en\/wp-json\/wp\/v2\/product_brand?post=24440"},{"taxonomy":"product_cat","embeddable":true,"href":"https:\/\/cipele.ba\/en\/wp-json\/wp\/v2\/product_cat?post=24440"},{"taxonomy":"product_tag","embeddable":true,"href":"https:\/\/cipele.ba\/en\/wp-json\/wp\/v2\/product_tag?post=24440"}],"curies":[{"name":"wp","href":"https:\/\/api.w.org\/{rel}","templated":true}]}}