{"id":24457,"date":"2025-09-03T12:54:10","date_gmt":"2025-09-03T12:54:10","guid":{"rendered":"https:\/\/cipele.ba\/shop\/uncategorized\/nike-w-reactx-pegasus-trail-5-gtx\/"},"modified":"2026-04-30T08:58:51","modified_gmt":"2026-04-30T08:58:51","slug":"nike-w-reactx-pegasus-trail-5-gtx","status":"publish","type":"product","link":"https:\/\/cipele.ba\/en\/shop\/zene\/zenske-patike\/nike-w-reactx-pegasus-trail-5-gtx\/","title":{"rendered":"Nike W REACTX PEGASUS TRAIL 5 GTX"},"content":{"rendered":"<p>Nike Pegasus Trail 5 Gore-Tex \u017eenske outdoor patike su dizajnirane za sve koji vole prirodu DETALJI Nike Trail ATC spoljni \u0111on je savr\u0161en kako na vla\u017enom tako i na suvom vremenu Cijela du\u017eina srednjeg \u0111ona je od ReactX pjene i pru\u017ea fantasti\u010dno kretanje s odrazom 3-D \u0161tampan vrh Gore-Tex gornji\u0161te je vodootporno i \u010duva suvo\u0107u \u010cvrst, dubok rub Vodootpornost \u0160titi od prljav\u0161tine<\/p>","protected":false},"excerpt":{"rendered":"<p>Nike Pegasus Trail 5 Gore-Tex \u017eenske outdoor patike su dizajnirane za sve koji vole prirodu DETALJI Nike Trail ATC spoljni \u0111on je savr\u0161en kako na vla\u017enom tako i na suvom vremenu Cijela du\u017eina srednjeg \u0111ona je od ReactX pjene i pru\u017ea fantasti\u010dno kretanje s odrazom 3-D \u0161tampan vrh Gore-Tex gornji\u0161te je vodootporno i \u010duva suvo\u0107u [&hellip;]<\/p>","protected":false},"featured_media":24456,"template":"","meta":{"jetpack_post_was_ever_published":false},"product_brand":[94],"product_cat":[63],"product_tag":[],"class_list":{"0":"post-24457","1":"product","2":"type-product","3":"status-publish","4":"has-post-thumbnail","6":"product_brand-sport_vision","7":"product_cat-zenske-patike","9":"first","10":"instock","11":"sale","12":"shipping-taxable","13":"product-type-external"},"jetpack-related-posts":[],"jetpack_sharing_enabled":true,"_links":{"self":[{"href":"https:\/\/cipele.ba\/en\/wp-json\/wp\/v2\/product\/24457","targetHints":{"allow":["GET"]}}],"collection":[{"href":"https:\/\/cipele.ba\/en\/wp-json\/wp\/v2\/product"}],"about":[{"href":"https:\/\/cipele.ba\/en\/wp-json\/wp\/v2\/types\/product"}],"wp:featuredmedia":[{"embeddable":true,"href":"https:\/\/cipele.ba\/en\/wp-json\/wp\/v2\/media\/24456"}],"wp:attachment":[{"href":"https:\/\/cipele.ba\/en\/wp-json\/wp\/v2\/media?parent=24457"}],"wp:term":[{"taxonomy":"product_brand","embeddable":true,"href":"https:\/\/cipele.ba\/en\/wp-json\/wp\/v2\/product_brand?post=24457"},{"taxonomy":"product_cat","embeddable":true,"href":"https:\/\/cipele.ba\/en\/wp-json\/wp\/v2\/product_cat?post=24457"},{"taxonomy":"product_tag","embeddable":true,"href":"https:\/\/cipele.ba\/en\/wp-json\/wp\/v2\/product_tag?post=24457"}],"curies":[{"name":"wp","href":"https:\/\/api.w.org\/{rel}","templated":true}]}}