{"id":24494,"date":"2025-09-03T12:54:30","date_gmt":"2025-09-03T12:54:30","guid":{"rendered":"https:\/\/cipele.ba\/shop\/uncategorized\/nike-vomero-18\/"},"modified":"2026-04-21T20:44:07","modified_gmt":"2026-04-21T20:44:07","slug":"nike-vomero-18","status":"publish","type":"product","link":"https:\/\/cipele.ba\/en\/shop\/zene\/zenske-patike\/nike-vomero-18\/","title":{"rendered":"Nike Vomero 18"},"content":{"rendered":"<p>Maksimalna amortizacija ovih \u017eenskih patika Nike Vomero 18 pru\u017ea udobno kretanje tokom svakodnevnog tr\u010danja. Detalji: Jastu\u010di\u0107i oko spoljnog \u0111ona pove\u0107avaju agilnost i pru\u017eaju gladak prelaz sa pete na prste Srednji \u0111on dvostruke gustine sa ZoomX pjenom preko ReactX pjene za udobno kretanje Te\u017eina: oko 262 g<\/p>","protected":false},"excerpt":{"rendered":"<p>Maksimalna amortizacija ovih \u017eenskih patika Nike Vomero 18 pru\u017ea udobno kretanje tokom svakodnevnog tr\u010danja. Detalji: Jastu\u010di\u0107i oko spoljnog \u0111ona pove\u0107avaju agilnost i pru\u017eaju gladak prelaz sa pete na prste Srednji \u0111on dvostruke gustine sa ZoomX pjenom preko ReactX pjene za udobno kretanje Te\u017eina: oko 262 g<\/p>","protected":false},"featured_media":24490,"template":"","meta":{"jetpack_post_was_ever_published":false},"product_brand":[94],"product_cat":[63],"product_tag":[],"class_list":{"0":"post-24494","1":"product","2":"type-product","3":"status-publish","4":"has-post-thumbnail","6":"product_brand-sport_vision","7":"product_cat-zenske-patike","9":"first","10":"instock","11":"sale","12":"shipping-taxable","13":"product-type-external"},"jetpack-related-posts":[],"jetpack_sharing_enabled":true,"_links":{"self":[{"href":"https:\/\/cipele.ba\/en\/wp-json\/wp\/v2\/product\/24494","targetHints":{"allow":["GET"]}}],"collection":[{"href":"https:\/\/cipele.ba\/en\/wp-json\/wp\/v2\/product"}],"about":[{"href":"https:\/\/cipele.ba\/en\/wp-json\/wp\/v2\/types\/product"}],"wp:featuredmedia":[{"embeddable":true,"href":"https:\/\/cipele.ba\/en\/wp-json\/wp\/v2\/media\/24490"}],"wp:attachment":[{"href":"https:\/\/cipele.ba\/en\/wp-json\/wp\/v2\/media?parent=24494"}],"wp:term":[{"taxonomy":"product_brand","embeddable":true,"href":"https:\/\/cipele.ba\/en\/wp-json\/wp\/v2\/product_brand?post=24494"},{"taxonomy":"product_cat","embeddable":true,"href":"https:\/\/cipele.ba\/en\/wp-json\/wp\/v2\/product_cat?post=24494"},{"taxonomy":"product_tag","embeddable":true,"href":"https:\/\/cipele.ba\/en\/wp-json\/wp\/v2\/product_tag?post=24494"}],"curies":[{"name":"wp","href":"https:\/\/api.w.org\/{rel}","templated":true}]}}