{"id":24497,"date":"2025-09-03T12:54:31","date_gmt":"2025-09-03T12:54:31","guid":{"rendered":"https:\/\/cipele.ba\/shop\/uncategorized\/nike-air-max-1-87\/"},"modified":"2026-04-27T16:58:31","modified_gmt":"2026-04-27T16:58:31","slug":"nike-air-max-1-87","status":"publish","type":"product","link":"https:\/\/cipele.ba\/en\/shop\/zene\/zenske-patike\/nike-air-max-1-87\/","title":{"rendered":"Nike Air Max 1 &#8216;87"},"content":{"rendered":"<p>Nike Air Max 1 &#8216;87 \u017eenske lifestyle patike napravljene za svakodnevno no\u0161enje \u0107e ti pru\u017eiti look koji tra\u017ei\u0161. Detalji: Vidljiva Max Air jedinica pru\u017ea amortizaciju tokom cijelog dana Talasasti blatobran i Nike Air prozor\u010di\u0107 u obliku pilule zadr\u017eavaju klasi\u010dni look koji voli\u0161 Gumeni spoljni \u0111on ti pru\u017ea izdr\u017eljivu trakciju<\/p>","protected":false},"excerpt":{"rendered":"<p>Nike Air Max 1 &#8216;87 \u017eenske lifestyle patike napravljene za svakodnevno no\u0161enje \u0107e ti pru\u017eiti look koji tra\u017ei\u0161. Detalji: Vidljiva Max Air jedinica pru\u017ea amortizaciju tokom cijelog dana Talasasti blatobran i Nike Air prozor\u010di\u0107 u obliku pilule zadr\u017eavaju klasi\u010dni look koji voli\u0161 Gumeni spoljni \u0111on ti pru\u017ea izdr\u017eljivu trakciju<\/p>","protected":false},"featured_media":24493,"template":"","meta":{"jetpack_post_was_ever_published":false},"product_brand":[94],"product_cat":[63],"product_tag":[],"class_list":{"0":"post-24497","1":"product","2":"type-product","3":"status-publish","4":"has-post-thumbnail","6":"product_brand-sport_vision","7":"product_cat-zenske-patike","9":"first","10":"instock","11":"shipping-taxable","12":"product-type-external"},"jetpack-related-posts":[],"jetpack_sharing_enabled":true,"_links":{"self":[{"href":"https:\/\/cipele.ba\/en\/wp-json\/wp\/v2\/product\/24497","targetHints":{"allow":["GET"]}}],"collection":[{"href":"https:\/\/cipele.ba\/en\/wp-json\/wp\/v2\/product"}],"about":[{"href":"https:\/\/cipele.ba\/en\/wp-json\/wp\/v2\/types\/product"}],"wp:featuredmedia":[{"embeddable":true,"href":"https:\/\/cipele.ba\/en\/wp-json\/wp\/v2\/media\/24493"}],"wp:attachment":[{"href":"https:\/\/cipele.ba\/en\/wp-json\/wp\/v2\/media?parent=24497"}],"wp:term":[{"taxonomy":"product_brand","embeddable":true,"href":"https:\/\/cipele.ba\/en\/wp-json\/wp\/v2\/product_brand?post=24497"},{"taxonomy":"product_cat","embeddable":true,"href":"https:\/\/cipele.ba\/en\/wp-json\/wp\/v2\/product_cat?post=24497"},{"taxonomy":"product_tag","embeddable":true,"href":"https:\/\/cipele.ba\/en\/wp-json\/wp\/v2\/product_tag?post=24497"}],"curies":[{"name":"wp","href":"https:\/\/api.w.org\/{rel}","templated":true}]}}