{"id":24521,"date":"2025-09-03T12:54:52","date_gmt":"2025-09-03T12:54:52","guid":{"rendered":"https:\/\/cipele.ba\/shop\/uncategorized\/nike-air-jordan-1-mid\/"},"modified":"2026-04-28T16:00:45","modified_gmt":"2026-04-28T16:00:45","slug":"nike-air-jordan-1-mid","status":"publish","type":"product","link":"https:\/\/cipele.ba\/en\/shop\/zene\/zenske-patike\/nike-air-jordan-1-mid\/","title":{"rendered":"Nike Air Jordan 1 Mid"},"content":{"rendered":"<p>Nike Air Jordan 1 Mid su \u017eenske lifestyle patike inspirisane pro\u0161lo\u0161\u0107u, a dizajnirane za budu\u0107nost. Vrhunska udobnost kultnog izgleda nastavlja da prenosi Nike legendu novim generacijama. Ove retro Jordan patike pru\u017eaju priliku obo\u017eavateljkama velikog majstora ko\u0161arke da krenu njegovim stopama. Gornji\u0161te izra\u0111eno od premium ko\u017ee i sintetike pru\u017ea izdr\u017eljivost, udobnost i daje podr\u0161ku i sigurnost tvom koraku. Vazdu\u0161na jedinica pru\u017ea izuzetnu udobnost i prepoznatljivu amortizaciju, daju\u0107i lako\u0107u tvom koraku. Zapertlaj ove legendarne Nike patike i zablistaj na terenu ili u \u0161etnji urbanim gradskim ulicama. Specifikacija: \u017denske lifestyle patike<\/p>\n<li>Vazdu\u0161na jedinica Gumeni \u0111on<\/li>","protected":false},"excerpt":{"rendered":"<p>Nike Air Jordan 1 Mid su \u017eenske lifestyle patike inspirisane pro\u0161lo\u0161\u0107u, a dizajnirane za budu\u0107nost. Vrhunska udobnost kultnog izgleda nastavlja da prenosi Nike legendu novim generacijama. Ove retro Jordan patike pru\u017eaju priliku obo\u017eavateljkama velikog majstora ko\u0161arke da krenu njegovim stopama. Gornji\u0161te izra\u0111eno od premium ko\u017ee i sintetike pru\u017ea izdr\u017eljivost, udobnost i daje podr\u0161ku i sigurnost [&hellip;]<\/p>","protected":false},"featured_media":24520,"template":"","meta":{"jetpack_post_was_ever_published":false},"product_brand":[94],"product_cat":[63],"product_tag":[],"class_list":{"0":"post-24521","1":"product","2":"type-product","3":"status-publish","4":"has-post-thumbnail","6":"product_brand-sport_vision","7":"product_cat-zenske-patike","9":"first","10":"instock","11":"sale","12":"shipping-taxable","13":"product-type-external"},"jetpack-related-posts":[],"jetpack_sharing_enabled":true,"_links":{"self":[{"href":"https:\/\/cipele.ba\/en\/wp-json\/wp\/v2\/product\/24521","targetHints":{"allow":["GET"]}}],"collection":[{"href":"https:\/\/cipele.ba\/en\/wp-json\/wp\/v2\/product"}],"about":[{"href":"https:\/\/cipele.ba\/en\/wp-json\/wp\/v2\/types\/product"}],"wp:featuredmedia":[{"embeddable":true,"href":"https:\/\/cipele.ba\/en\/wp-json\/wp\/v2\/media\/24520"}],"wp:attachment":[{"href":"https:\/\/cipele.ba\/en\/wp-json\/wp\/v2\/media?parent=24521"}],"wp:term":[{"taxonomy":"product_brand","embeddable":true,"href":"https:\/\/cipele.ba\/en\/wp-json\/wp\/v2\/product_brand?post=24521"},{"taxonomy":"product_cat","embeddable":true,"href":"https:\/\/cipele.ba\/en\/wp-json\/wp\/v2\/product_cat?post=24521"},{"taxonomy":"product_tag","embeddable":true,"href":"https:\/\/cipele.ba\/en\/wp-json\/wp\/v2\/product_tag?post=24521"}],"curies":[{"name":"wp","href":"https:\/\/api.w.org\/{rel}","templated":true}]}}