{"id":24866,"date":"2025-10-13T14:48:06","date_gmt":"2025-10-13T14:48:06","guid":{"rendered":"https:\/\/cipele.ba\/shop\/uncategorized\/kander-denali\/"},"modified":"2026-04-22T01:52:45","modified_gmt":"2026-04-22T01:52:45","slug":"kander-denali","status":"publish","type":"product","link":"https:\/\/cipele.ba\/en\/shop\/muskarci\/muske-gleznjace\/kander-denali\/","title":{"rendered":"Kander Denali"},"content":{"rendered":"<\/p>\n<p> Va\u0161a stopala zaslu\u017euju Kander Denali \u2013 udobne i izdr\u017eljive mu\u0161ke outdoor patike koje vas ne\u0107e iznevjeriti na stazi za hajking ili nepristupa\u010dnim podru\u010djima, naro\u010dito kada je vrijeme ki\u0161ovito i hladno. <\/p>\n<\/p>\n<p> <b> Detalji <\/b> <\/p>\n<li> Vodootporno mre\u017easto gornji\u0161te <\/li>\n<li> Klasi\u010dne pertle <\/li>\n<li> Gumeni spoljni \u0111on <\/li>","protected":false},"excerpt":{"rendered":"<p>Va\u0161a stopala zaslu\u017euju Kander Denali \u2013 udobne i izdr\u017eljive mu\u0161ke outdoor patike koje vas ne\u0107e iznevjeriti na stazi za hajking ili nepristupa\u010dnim podru\u010djima, naro\u010dito kada je vrijeme ki\u0161ovito i hladno. Detalji Vodootporno mre\u017easto gornji\u0161te Klasi\u010dne pertle Gumeni spoljni \u0111on<\/p>","protected":false},"featured_media":24863,"template":"","meta":{"jetpack_post_was_ever_published":false},"product_brand":[94],"product_cat":[68],"product_tag":[],"class_list":{"0":"post-24866","1":"product","2":"type-product","3":"status-publish","4":"has-post-thumbnail","6":"product_brand-sport_vision","7":"product_cat-muske-gleznjace","9":"first","10":"instock","11":"sale","12":"shipping-taxable","13":"product-type-external"},"jetpack-related-posts":[],"jetpack_sharing_enabled":true,"_links":{"self":[{"href":"https:\/\/cipele.ba\/en\/wp-json\/wp\/v2\/product\/24866","targetHints":{"allow":["GET"]}}],"collection":[{"href":"https:\/\/cipele.ba\/en\/wp-json\/wp\/v2\/product"}],"about":[{"href":"https:\/\/cipele.ba\/en\/wp-json\/wp\/v2\/types\/product"}],"wp:featuredmedia":[{"embeddable":true,"href":"https:\/\/cipele.ba\/en\/wp-json\/wp\/v2\/media\/24863"}],"wp:attachment":[{"href":"https:\/\/cipele.ba\/en\/wp-json\/wp\/v2\/media?parent=24866"}],"wp:term":[{"taxonomy":"product_brand","embeddable":true,"href":"https:\/\/cipele.ba\/en\/wp-json\/wp\/v2\/product_brand?post=24866"},{"taxonomy":"product_cat","embeddable":true,"href":"https:\/\/cipele.ba\/en\/wp-json\/wp\/v2\/product_cat?post=24866"},{"taxonomy":"product_tag","embeddable":true,"href":"https:\/\/cipele.ba\/en\/wp-json\/wp\/v2\/product_tag?post=24866"}],"curies":[{"name":"wp","href":"https:\/\/api.w.org\/{rel}","templated":true}]}}