{"id":24919,"date":"2025-10-13T14:48:26","date_gmt":"2025-10-13T14:48:26","guid":{"rendered":"https:\/\/cipele.ba\/shop\/uncategorized\/timberland-sprint-trekker-3\/"},"modified":"2026-04-17T20:14:55","modified_gmt":"2026-04-17T20:14:55","slug":"timberland-sprint-trekker-3","status":"publish","type":"product","link":"https:\/\/cipele.ba\/en\/shop\/muskarci\/muske-gleznjace\/timberland-sprint-trekker-3\/","title":{"rendered":"Timberland Sprint Trekker"},"content":{"rendered":"<\/p>\n<p> Timberland Sprint Trekker su mu\u0161ke patike dizajnirane za udobnost i izdr\u017eljivost, idealne za svakodnevno no\u0161enje i aktivnosti na otvorenom. <\/p>\n<\/p>\n<p> <b> Detalji <\/b> <\/p>\n<li>Vodootporna TimberDri\u2122 membrana<\/li>\n<li>Stil vezivanja<\/li>\n<li>Molded EVA srednji \u0111on<\/li>\n<li>OrthoLite\u00ae podno\u017eje<\/li>\n<li>Gornji i podstava napravljena od ReBOTL\u2122 tkanine<\/li>\n<li>Gumeni \u0111on gaze\u0107eg sloja\n<\/p>\n<p> <b> Eco Story <\/b> <\/li>\n<li>ReBOTL\u2122 tkanina sadr\u017ei 50% reciklirane plastike <\/li>","protected":false},"excerpt":{"rendered":"<p>Timberland Sprint Trekker su mu\u0161ke patike dizajnirane za udobnost i izdr\u017eljivost, idealne za svakodnevno no\u0161enje i aktivnosti na otvorenom. Detalji Vodootporna TimberDri\u2122 membrana Stil vezivanja Molded EVA srednji \u0111on OrthoLite\u00ae podno\u017eje Gornji i podstava napravljena od ReBOTL\u2122 tkanine Gumeni \u0111on gaze\u0107eg sloja Eco Story ReBOTL\u2122 tkanina sadr\u017ei 50% reciklirane plastike<\/p>","protected":false},"featured_media":24918,"template":"","meta":{"jetpack_post_was_ever_published":false},"product_brand":[94],"product_cat":[68],"product_tag":[],"class_list":{"0":"post-24919","1":"product","2":"type-product","3":"status-publish","4":"has-post-thumbnail","6":"product_brand-sport_vision","7":"product_cat-muske-gleznjace","9":"first","10":"instock","11":"sale","12":"shipping-taxable","13":"product-type-external"},"jetpack-related-posts":[],"jetpack_sharing_enabled":true,"_links":{"self":[{"href":"https:\/\/cipele.ba\/en\/wp-json\/wp\/v2\/product\/24919","targetHints":{"allow":["GET"]}}],"collection":[{"href":"https:\/\/cipele.ba\/en\/wp-json\/wp\/v2\/product"}],"about":[{"href":"https:\/\/cipele.ba\/en\/wp-json\/wp\/v2\/types\/product"}],"wp:featuredmedia":[{"embeddable":true,"href":"https:\/\/cipele.ba\/en\/wp-json\/wp\/v2\/media\/24918"}],"wp:attachment":[{"href":"https:\/\/cipele.ba\/en\/wp-json\/wp\/v2\/media?parent=24919"}],"wp:term":[{"taxonomy":"product_brand","embeddable":true,"href":"https:\/\/cipele.ba\/en\/wp-json\/wp\/v2\/product_brand?post=24919"},{"taxonomy":"product_cat","embeddable":true,"href":"https:\/\/cipele.ba\/en\/wp-json\/wp\/v2\/product_cat?post=24919"},{"taxonomy":"product_tag","embeddable":true,"href":"https:\/\/cipele.ba\/en\/wp-json\/wp\/v2\/product_tag?post=24919"}],"curies":[{"name":"wp","href":"https:\/\/api.w.org\/{rel}","templated":true}]}}