{"id":24921,"date":"2025-10-13T14:48:26","date_gmt":"2025-10-13T14:48:26","guid":{"rendered":"https:\/\/cipele.ba\/shop\/uncategorized\/kander-hoggs\/"},"modified":"2026-04-18T20:44:31","modified_gmt":"2026-04-18T20:44:31","slug":"kander-hoggs","status":"publish","type":"product","link":"https:\/\/cipele.ba\/en\/shop\/muskarci\/muske-gleznjace\/kander-hoggs\/","title":{"rendered":"Kander Hoggs"},"content":{"rendered":"<\/p>\n<p>Kander Hoggsa mu\u0161ke outdoor \u010dizme srednje dubine imaju atraktivan dizajn, savr\u0161en za hladne zimske dane.<\/p>\n<\/p>\n<p> <b> Detalji <\/b> <\/p>\n<li> Od vodootpornih i izdr\u017eljivih materijala sa tekstilnom postavom koji omogu\u0107avaju da vam noge ostanu suve i tople<\/li>\n<li> Udobni, meki srednji \u0111on pru\u017ea odli\u010dnu amortizaciju i povra\u0107aj energije va\u0161im stopalima<\/li>\n<li> Jezik i jezi\u010dci na peti za lako obuvanje i izuvanje <\/li>\n<li> Gumeni spoljni \u0111on osigurava vrhunsko prianjanje i stabilnost u svim uslovima <\/li>","protected":false},"excerpt":{"rendered":"<p>Kander Hoggsa mu\u0161ke outdoor \u010dizme srednje dubine imaju atraktivan dizajn, savr\u0161en za hladne zimske dane. Detalji Od vodootpornih i izdr\u017eljivih materijala sa tekstilnom postavom koji omogu\u0107avaju da vam noge ostanu suve i tople Udobni, meki srednji \u0111on pru\u017ea odli\u010dnu amortizaciju i povra\u0107aj energije va\u0161im stopalima Jezik i jezi\u010dci na peti za lako obuvanje i izuvanje [&hellip;]<\/p>","protected":false},"featured_media":24920,"template":"","meta":{"jetpack_post_was_ever_published":false},"product_brand":[94],"product_cat":[68],"product_tag":[],"class_list":{"0":"post-24921","1":"product","2":"type-product","3":"status-publish","4":"has-post-thumbnail","6":"product_brand-sport_vision","7":"product_cat-muske-gleznjace","9":"first","10":"instock","11":"sale","12":"shipping-taxable","13":"product-type-external"},"jetpack-related-posts":[],"jetpack_sharing_enabled":true,"_links":{"self":[{"href":"https:\/\/cipele.ba\/en\/wp-json\/wp\/v2\/product\/24921","targetHints":{"allow":["GET"]}}],"collection":[{"href":"https:\/\/cipele.ba\/en\/wp-json\/wp\/v2\/product"}],"about":[{"href":"https:\/\/cipele.ba\/en\/wp-json\/wp\/v2\/types\/product"}],"wp:featuredmedia":[{"embeddable":true,"href":"https:\/\/cipele.ba\/en\/wp-json\/wp\/v2\/media\/24920"}],"wp:attachment":[{"href":"https:\/\/cipele.ba\/en\/wp-json\/wp\/v2\/media?parent=24921"}],"wp:term":[{"taxonomy":"product_brand","embeddable":true,"href":"https:\/\/cipele.ba\/en\/wp-json\/wp\/v2\/product_brand?post=24921"},{"taxonomy":"product_cat","embeddable":true,"href":"https:\/\/cipele.ba\/en\/wp-json\/wp\/v2\/product_cat?post=24921"},{"taxonomy":"product_tag","embeddable":true,"href":"https:\/\/cipele.ba\/en\/wp-json\/wp\/v2\/product_tag?post=24921"}],"curies":[{"name":"wp","href":"https:\/\/api.w.org\/{rel}","templated":true}]}}