{"id":24927,"date":"2025-10-13T14:48:29","date_gmt":"2025-10-13T14:48:29","guid":{"rendered":"https:\/\/cipele.ba\/shop\/uncategorized\/kander-deux-3\/"},"modified":"2026-04-18T22:55:25","modified_gmt":"2026-04-18T22:55:25","slug":"kander-deux-3","status":"publish","type":"product","link":"https:\/\/cipele.ba\/en\/shop\/muskarci\/muske-gleznjace\/kander-deux-3\/","title":{"rendered":"Kander Deux"},"content":{"rendered":"<\/p>\n<p>Bilo da ste na hajkingu na planini ili \u0161etate po snije\u017enim gradskim ulicama, Kander Deux mu\u0161ke outdoor \u010dizme srednje dubine su va\u0161 najbolji saveznik po hladnom vremenu.<\/p>\n<\/p>\n<p> <b> Detalji <\/b> <\/p>\n<li>Od vodootpornih i izdr\u017eljivih materijala sa tekstilnom postavom koji omogu\u0107avaju da vam noge ostanu suve i tople<\/li>\n<li> Udobni, meki srednji \u0111on pru\u017ea odli\u010dnu amortizaciju i povra\u0107aj energije va\u0161im stopalima<\/li>\n<li> Dizajn srednje dubine sa klasi\u010dnim pertlama za \u010dvrsto prianjanje<\/li>\n<li> Jezik i jezi\u010dci na peti za lako obuvanje i izuvanje <\/li>\n<li> Gumeni spoljni \u0111on osigurava vrhunsko prianjanje i stabilnost u svim uslovima <\/li>","protected":false},"excerpt":{"rendered":"<p>Bilo da ste na hajkingu na planini ili \u0161etate po snije\u017enim gradskim ulicama, Kander Deux mu\u0161ke outdoor \u010dizme srednje dubine su va\u0161 najbolji saveznik po hladnom vremenu. Detalji Od vodootpornih i izdr\u017eljivih materijala sa tekstilnom postavom koji omogu\u0107avaju da vam noge ostanu suve i tople Udobni, meki srednji \u0111on pru\u017ea odli\u010dnu amortizaciju i povra\u0107aj energije [&hellip;]<\/p>","protected":false},"featured_media":24926,"template":"","meta":{"jetpack_post_was_ever_published":false},"product_brand":[94],"product_cat":[68],"product_tag":[],"class_list":{"0":"post-24927","1":"product","2":"type-product","3":"status-publish","4":"has-post-thumbnail","6":"product_brand-sport_vision","7":"product_cat-muske-gleznjace","9":"first","10":"instock","11":"sale","12":"shipping-taxable","13":"product-type-external"},"jetpack-related-posts":[],"jetpack_sharing_enabled":true,"_links":{"self":[{"href":"https:\/\/cipele.ba\/en\/wp-json\/wp\/v2\/product\/24927","targetHints":{"allow":["GET"]}}],"collection":[{"href":"https:\/\/cipele.ba\/en\/wp-json\/wp\/v2\/product"}],"about":[{"href":"https:\/\/cipele.ba\/en\/wp-json\/wp\/v2\/types\/product"}],"wp:featuredmedia":[{"embeddable":true,"href":"https:\/\/cipele.ba\/en\/wp-json\/wp\/v2\/media\/24926"}],"wp:attachment":[{"href":"https:\/\/cipele.ba\/en\/wp-json\/wp\/v2\/media?parent=24927"}],"wp:term":[{"taxonomy":"product_brand","embeddable":true,"href":"https:\/\/cipele.ba\/en\/wp-json\/wp\/v2\/product_brand?post=24927"},{"taxonomy":"product_cat","embeddable":true,"href":"https:\/\/cipele.ba\/en\/wp-json\/wp\/v2\/product_cat?post=24927"},{"taxonomy":"product_tag","embeddable":true,"href":"https:\/\/cipele.ba\/en\/wp-json\/wp\/v2\/product_tag?post=24927"}],"curies":[{"name":"wp","href":"https:\/\/api.w.org\/{rel}","templated":true}]}}