{"id":24935,"date":"2025-10-13T14:48:34","date_gmt":"2025-10-13T14:48:34","guid":{"rendered":"https:\/\/cipele.ba\/shop\/uncategorized\/salomon-quest-element-gtx\/"},"modified":"2026-04-18T23:48:05","modified_gmt":"2026-04-18T23:48:05","slug":"salomon-quest-element-gtx","status":"publish","type":"product","link":"https:\/\/cipele.ba\/en\/shop\/muskarci\/muske-gleznjace\/salomon-quest-element-gtx\/","title":{"rendered":"Salomon Quest Element GTX"},"content":{"rendered":"<\/p>\n<p> Salomon Quest Element GTX mu\u0161ke patike su savr\u0161ene za putovanja koja traju vi\u0161e dana i zahtjevne \u0161etnje sa rancem, jer pru\u017eaju izdr\u017eljivost, za\u0161titu i udobnost koji su vam potrebni da se izborite sa mje\u0161ovitim terenom i nepredvidivim uslovima. <\/p>\n<\/p>\n<p> <b> Detalji <\/b> <\/p>\n<li> Izra\u0111ene od premijum nubuk ko\u017ee i oja\u010dane GORE-TEX vodootpornom tehnologijom koja omogu\u0107ava da stopala ostaju suva i udobna u svim vremenskim uslovima <\/li>\n<li> Duboki dizajn (169 mm) pru\u017ea vrhunsku za\u0161titu i potporu \u010dlanka, idealan za no\u0161enje te\u0161kih stvari na vi\u0161ednevnim pje\u0161a\u010denjima sa rancem <\/li>\n<li> Pru\u017eaju odli\u010dnu za\u0161titu od kamenja, krhotina i neravnih terena, \u010duvaju\u0107i va\u0161a stopala \u010dak i u najzahtjevnijim okru\u017eenjima <\/li>\n<li> Lagana i stabilna konstrukcija omogu\u0107ava ve\u0107u agilnost, pru\u017eaju\u0107i vam fleksibilnost da se kre\u0107ete br\u017ee i sa samopouzdanjem <\/li>\n<li> Te\u017ee 545 g po patici, te posti\u017eu savr\u0161enu ravnote\u017eu izme\u0111u izdr\u017eljivosti i laganih performansi za du\u017ee izlete u prirodi <\/li>","protected":false},"excerpt":{"rendered":"<p>Salomon Quest Element GTX mu\u0161ke patike su savr\u0161ene za putovanja koja traju vi\u0161e dana i zahtjevne \u0161etnje sa rancem, jer pru\u017eaju izdr\u017eljivost, za\u0161titu i udobnost koji su vam potrebni da se izborite sa mje\u0161ovitim terenom i nepredvidivim uslovima. Detalji Izra\u0111ene od premijum nubuk ko\u017ee i oja\u010dane GORE-TEX vodootpornom tehnologijom koja omogu\u0107ava da stopala ostaju suva [&hellip;]<\/p>","protected":false},"featured_media":24934,"template":"","meta":{"jetpack_post_was_ever_published":false},"product_brand":[94],"product_cat":[68],"product_tag":[],"class_list":{"0":"post-24935","1":"product","2":"type-product","3":"status-publish","4":"has-post-thumbnail","6":"product_brand-sport_vision","7":"product_cat-muske-gleznjace","9":"first","10":"instock","11":"shipping-taxable","12":"product-type-external"},"jetpack-related-posts":[],"jetpack_sharing_enabled":true,"_links":{"self":[{"href":"https:\/\/cipele.ba\/en\/wp-json\/wp\/v2\/product\/24935","targetHints":{"allow":["GET"]}}],"collection":[{"href":"https:\/\/cipele.ba\/en\/wp-json\/wp\/v2\/product"}],"about":[{"href":"https:\/\/cipele.ba\/en\/wp-json\/wp\/v2\/types\/product"}],"wp:featuredmedia":[{"embeddable":true,"href":"https:\/\/cipele.ba\/en\/wp-json\/wp\/v2\/media\/24934"}],"wp:attachment":[{"href":"https:\/\/cipele.ba\/en\/wp-json\/wp\/v2\/media?parent=24935"}],"wp:term":[{"taxonomy":"product_brand","embeddable":true,"href":"https:\/\/cipele.ba\/en\/wp-json\/wp\/v2\/product_brand?post=24935"},{"taxonomy":"product_cat","embeddable":true,"href":"https:\/\/cipele.ba\/en\/wp-json\/wp\/v2\/product_cat?post=24935"},{"taxonomy":"product_tag","embeddable":true,"href":"https:\/\/cipele.ba\/en\/wp-json\/wp\/v2\/product_tag?post=24935"}],"curies":[{"name":"wp","href":"https:\/\/api.w.org\/{rel}","templated":true}]}}