{"id":24939,"date":"2025-10-13T14:48:36","date_gmt":"2025-10-13T14:48:36","guid":{"rendered":"https:\/\/cipele.ba\/shop\/uncategorized\/columbia-portlander-2\/"},"modified":"2026-04-19T04:38:18","modified_gmt":"2026-04-19T04:38:18","slug":"columbia-portlander-2","status":"publish","type":"product","link":"https:\/\/cipele.ba\/en\/shop\/muskarci\/muske-gleznjace\/columbia-portlander-2\/","title":{"rendered":"Columbia Portlander\u2122"},"content":{"rendered":"<\/p>\n<p> Ostanite u pokretu kroz godi\u0161nja doba uz ove Columbia Portlander\u2122 mu\u0161ke vodootporne outdoor patike, dizajnirane da vasa odvedu iz grada na staze dok se osje\u0107ate udobno i moderno. <\/p>\n<\/p>\n<p> <b> DETALJI <\/b> <\/p>\n<li> Amortizovani srednji \u0111on <\/li>\n<li> Robustan spoljni \u0111on <\/li>","protected":false},"excerpt":{"rendered":"<p>Ostanite u pokretu kroz godi\u0161nja doba uz ove Columbia Portlander\u2122 mu\u0161ke vodootporne outdoor patike, dizajnirane da vasa odvedu iz grada na staze dok se osje\u0107ate udobno i moderno. DETALJI Amortizovani srednji \u0111on Robustan spoljni \u0111on<\/p>","protected":false},"featured_media":24937,"template":"","meta":{"jetpack_post_was_ever_published":false},"product_brand":[94],"product_cat":[68],"product_tag":[],"class_list":{"0":"post-24939","1":"product","2":"type-product","3":"status-publish","4":"has-post-thumbnail","6":"product_brand-sport_vision","7":"product_cat-muske-gleznjace","9":"first","10":"instock","11":"sale","12":"shipping-taxable","13":"product-type-external"},"jetpack-related-posts":[],"jetpack_sharing_enabled":true,"_links":{"self":[{"href":"https:\/\/cipele.ba\/en\/wp-json\/wp\/v2\/product\/24939","targetHints":{"allow":["GET"]}}],"collection":[{"href":"https:\/\/cipele.ba\/en\/wp-json\/wp\/v2\/product"}],"about":[{"href":"https:\/\/cipele.ba\/en\/wp-json\/wp\/v2\/types\/product"}],"wp:featuredmedia":[{"embeddable":true,"href":"https:\/\/cipele.ba\/en\/wp-json\/wp\/v2\/media\/24937"}],"wp:attachment":[{"href":"https:\/\/cipele.ba\/en\/wp-json\/wp\/v2\/media?parent=24939"}],"wp:term":[{"taxonomy":"product_brand","embeddable":true,"href":"https:\/\/cipele.ba\/en\/wp-json\/wp\/v2\/product_brand?post=24939"},{"taxonomy":"product_cat","embeddable":true,"href":"https:\/\/cipele.ba\/en\/wp-json\/wp\/v2\/product_cat?post=24939"},{"taxonomy":"product_tag","embeddable":true,"href":"https:\/\/cipele.ba\/en\/wp-json\/wp\/v2\/product_tag?post=24939"}],"curies":[{"name":"wp","href":"https:\/\/api.w.org\/{rel}","templated":true}]}}