{"id":24945,"date":"2025-10-13T14:48:39","date_gmt":"2025-10-13T14:48:39","guid":{"rendered":"https:\/\/cipele.ba\/shop\/uncategorized\/columbia-newton-ridge-plus-ii\/"},"modified":"2026-04-20T04:04:35","modified_gmt":"2026-04-20T04:04:35","slug":"columbia-newton-ridge-plus-ii","status":"publish","type":"product","link":"https:\/\/cipele.ba\/en\/shop\/muskarci\/muske-gleznjace\/columbia-newton-ridge-plus-ii\/","title":{"rendered":"Columbia Newton Ridge\u2122 Plus II"},"content":{"rendered":"<\/p>\n<p> Columbia Newton Ridge\u2122 Plusa II outdoor patike dizajnirane su da ostanete suvi i da vam bude prijatno u vla\u017enim, blatnjavim uslovima. <\/p>\n<\/p>\n<p> <b> DETALJI <\/b> <\/p>\n<li> Vodootporna konstrukcija \u010dizmice sa \u0161avovima <\/li>\n<li> Techlite\u2122 lagani srednji \u0111on <\/li>\n<li> Omni-Grip\u2122 gumeni spoljni \u0111on koji ne ostavlja tragove <\/li>","protected":false},"excerpt":{"rendered":"<p>Columbia Newton Ridge\u2122 Plusa II outdoor patike dizajnirane su da ostanete suvi i da vam bude prijatno u vla\u017enim, blatnjavim uslovima. DETALJI Vodootporna konstrukcija \u010dizmice sa \u0161avovima Techlite\u2122 lagani srednji \u0111on Omni-Grip\u2122 gumeni spoljni \u0111on koji ne ostavlja tragove<\/p>","protected":false},"featured_media":24943,"template":"","meta":{"jetpack_post_was_ever_published":false},"product_brand":[94],"product_cat":[68],"product_tag":[],"class_list":{"0":"post-24945","1":"product","2":"type-product","3":"status-publish","4":"has-post-thumbnail","6":"product_brand-sport_vision","7":"product_cat-muske-gleznjace","9":"first","10":"instock","11":"sale","12":"shipping-taxable","13":"product-type-external"},"jetpack-related-posts":[],"jetpack_sharing_enabled":true,"_links":{"self":[{"href":"https:\/\/cipele.ba\/en\/wp-json\/wp\/v2\/product\/24945","targetHints":{"allow":["GET"]}}],"collection":[{"href":"https:\/\/cipele.ba\/en\/wp-json\/wp\/v2\/product"}],"about":[{"href":"https:\/\/cipele.ba\/en\/wp-json\/wp\/v2\/types\/product"}],"wp:featuredmedia":[{"embeddable":true,"href":"https:\/\/cipele.ba\/en\/wp-json\/wp\/v2\/media\/24943"}],"wp:attachment":[{"href":"https:\/\/cipele.ba\/en\/wp-json\/wp\/v2\/media?parent=24945"}],"wp:term":[{"taxonomy":"product_brand","embeddable":true,"href":"https:\/\/cipele.ba\/en\/wp-json\/wp\/v2\/product_brand?post=24945"},{"taxonomy":"product_cat","embeddable":true,"href":"https:\/\/cipele.ba\/en\/wp-json\/wp\/v2\/product_cat?post=24945"},{"taxonomy":"product_tag","embeddable":true,"href":"https:\/\/cipele.ba\/en\/wp-json\/wp\/v2\/product_tag?post=24945"}],"curies":[{"name":"wp","href":"https:\/\/api.w.org\/{rel}","templated":true}]}}