{"id":24951,"date":"2025-10-13T14:48:42","date_gmt":"2025-10-13T14:48:42","guid":{"rendered":"https:\/\/cipele.ba\/shop\/uncategorized\/kander-logan\/"},"modified":"2026-04-22T01:23:47","modified_gmt":"2026-04-22T01:23:47","slug":"kander-logan","status":"publish","type":"product","link":"https:\/\/cipele.ba\/en\/shop\/muskarci\/muske-gleznjace\/kander-logan\/","title":{"rendered":"Kander Logan"},"content":{"rendered":"<\/p>\n<p> Kander Logan su mu\u0161ke patike za svakodnevno no\u0161enje. <\/p>\n<p> Patike modernog dizajna, dizajnirane su da vas savr\u0161eno prate tokom cijelog dana. Lako se uklapaju uz razli\u010dite odjevne komade zahvaljuju\u0107i jednostavnom, a efektnom dizajnu. Rebrasti \u0111on pru\u017ea neophodnu trakciju, a zahvaljuju\u0107i pertlama, mo\u017eete ih savr\u0161eno prilagoditi sebi i sopstvenim potrebama. Mre\u017easto gornji\u0161te pru\u017ea neophodnu prozra\u010dnost. <\/p>\n<p> Specifikacija: <\/p>\n<li> Mu\u0161ke patike <\/li>\n<li> Pertlanje <\/li>\n<li> Gumeni \u0111on <\/li>\n<li> Mre\u017easto gornji\u0161te <\/li>","protected":false},"excerpt":{"rendered":"<p>Kander Logan su mu\u0161ke patike za svakodnevno no\u0161enje. Patike modernog dizajna, dizajnirane su da vas savr\u0161eno prate tokom cijelog dana. Lako se uklapaju uz razli\u010dite odjevne komade zahvaljuju\u0107i jednostavnom, a efektnom dizajnu. Rebrasti \u0111on pru\u017ea neophodnu trakciju, a zahvaljuju\u0107i pertlama, mo\u017eete ih savr\u0161eno prilagoditi sebi i sopstvenim potrebama. Mre\u017easto gornji\u0161te pru\u017ea neophodnu prozra\u010dnost. Specifikacija: Mu\u0161ke [&hellip;]<\/p>","protected":false},"featured_media":24949,"template":"","meta":{"jetpack_post_was_ever_published":false},"product_brand":[94],"product_cat":[68],"product_tag":[],"class_list":{"0":"post-24951","1":"product","2":"type-product","3":"status-publish","4":"has-post-thumbnail","6":"product_brand-sport_vision","7":"product_cat-muske-gleznjace","9":"first","10":"instock","11":"sale","12":"shipping-taxable","13":"product-type-external"},"jetpack-related-posts":[],"jetpack_sharing_enabled":true,"_links":{"self":[{"href":"https:\/\/cipele.ba\/en\/wp-json\/wp\/v2\/product\/24951","targetHints":{"allow":["GET"]}}],"collection":[{"href":"https:\/\/cipele.ba\/en\/wp-json\/wp\/v2\/product"}],"about":[{"href":"https:\/\/cipele.ba\/en\/wp-json\/wp\/v2\/types\/product"}],"wp:featuredmedia":[{"embeddable":true,"href":"https:\/\/cipele.ba\/en\/wp-json\/wp\/v2\/media\/24949"}],"wp:attachment":[{"href":"https:\/\/cipele.ba\/en\/wp-json\/wp\/v2\/media?parent=24951"}],"wp:term":[{"taxonomy":"product_brand","embeddable":true,"href":"https:\/\/cipele.ba\/en\/wp-json\/wp\/v2\/product_brand?post=24951"},{"taxonomy":"product_cat","embeddable":true,"href":"https:\/\/cipele.ba\/en\/wp-json\/wp\/v2\/product_cat?post=24951"},{"taxonomy":"product_tag","embeddable":true,"href":"https:\/\/cipele.ba\/en\/wp-json\/wp\/v2\/product_tag?post=24951"}],"curies":[{"name":"wp","href":"https:\/\/api.w.org\/{rel}","templated":true}]}}