{"id":24957,"date":"2025-10-13T14:48:45","date_gmt":"2025-10-13T14:48:45","guid":{"rendered":"https:\/\/cipele.ba\/shop\/uncategorized\/columbia-peakfreak-ii-mid-outdry\/"},"modified":"2026-04-19T00:46:45","modified_gmt":"2026-04-19T00:46:45","slug":"columbia-peakfreak-ii-mid-outdry","status":"publish","type":"product","link":"https:\/\/cipele.ba\/en\/shop\/muskarci\/muske-gleznjace\/columbia-peakfreak-ii-mid-outdry\/","title":{"rendered":"Columbia Peakfreak\u2122 II Mid Outdry\u2122"},"content":{"rendered":"<\/p>\n<p> Columbia Peakfreak\u2122 II Mid Outdry\u2122 su lagane, vodootporne i prozra\u010dne mu\u0161ke outdoor cipele. <\/p>\n<p> Njihovo ko\u017eno gornji\u0161te sa slojevima pru\u017ea za\u0161titu i udobnost. Navic Fit System\u2122 obezbje\u0111uje prirodno fiksiranje srednjeg dijela stopala. OutDry\u2122 je vodootporna i prozra\u010dna konstrukcija. Techlite+\u2122 pjenasti srednji \u0111on pru\u017ea odzivno iskustvo amortizacije pod nogama istovremeno pru\u017eajuc\u0301i vrhunsku udobnost i stabilnost na stazi. Adapt Trax\u2122 \u0111on pru\u017ea izuzetnu vu\u010du u mokrim i suvim uslovima. Gumeno oja\u010danje u predjelu pete i prstiju nudi dodatnu za\u0161titu. <\/p>\n<p> Specifikacija: <\/p>\n<li> Poludubok profil <\/li>\n<li> Pertlanje <\/li>\n<li> Ko\u017eno gornji\u0161te <\/li>\n<li> Gumeno oja\u010danje u predjelu pete i prstiju <\/li>\n<li> Navic Fit System\u2122 <\/li>\n<li> OutDry\u2122 vodootporna i prozra\u010dna konstrukcija <\/li>\n<li> Techlite+\u2122 pjenasti srednji \u0111on <\/li>\n<li> Adapt Trax\u2122 \u0111on <\/li>\n<li> Te\u017eina: 453 g <\/li>","protected":false},"excerpt":{"rendered":"<p>Columbia Peakfreak\u2122 II Mid Outdry\u2122 su lagane, vodootporne i prozra\u010dne mu\u0161ke outdoor cipele. Njihovo ko\u017eno gornji\u0161te sa slojevima pru\u017ea za\u0161titu i udobnost. Navic Fit System\u2122 obezbje\u0111uje prirodno fiksiranje srednjeg dijela stopala. OutDry\u2122 je vodootporna i prozra\u010dna konstrukcija. Techlite+\u2122 pjenasti srednji \u0111on pru\u017ea odzivno iskustvo amortizacije pod nogama istovremeno pru\u017eajuc\u0301i vrhunsku udobnost i stabilnost na stazi. [&hellip;]<\/p>","protected":false},"featured_media":24956,"template":"","meta":{"jetpack_post_was_ever_published":false},"product_brand":[94],"product_cat":[68],"product_tag":[],"class_list":{"0":"post-24957","1":"product","2":"type-product","3":"status-publish","4":"has-post-thumbnail","6":"product_brand-sport_vision","7":"product_cat-muske-gleznjace","9":"first","10":"instock","11":"shipping-taxable","12":"product-type-external"},"jetpack-related-posts":[],"jetpack_sharing_enabled":true,"_links":{"self":[{"href":"https:\/\/cipele.ba\/en\/wp-json\/wp\/v2\/product\/24957","targetHints":{"allow":["GET"]}}],"collection":[{"href":"https:\/\/cipele.ba\/en\/wp-json\/wp\/v2\/product"}],"about":[{"href":"https:\/\/cipele.ba\/en\/wp-json\/wp\/v2\/types\/product"}],"wp:featuredmedia":[{"embeddable":true,"href":"https:\/\/cipele.ba\/en\/wp-json\/wp\/v2\/media\/24956"}],"wp:attachment":[{"href":"https:\/\/cipele.ba\/en\/wp-json\/wp\/v2\/media?parent=24957"}],"wp:term":[{"taxonomy":"product_brand","embeddable":true,"href":"https:\/\/cipele.ba\/en\/wp-json\/wp\/v2\/product_brand?post=24957"},{"taxonomy":"product_cat","embeddable":true,"href":"https:\/\/cipele.ba\/en\/wp-json\/wp\/v2\/product_cat?post=24957"},{"taxonomy":"product_tag","embeddable":true,"href":"https:\/\/cipele.ba\/en\/wp-json\/wp\/v2\/product_tag?post=24957"}],"curies":[{"name":"wp","href":"https:\/\/api.w.org\/{rel}","templated":true}]}}