{"id":24961,"date":"2025-10-13T14:48:47","date_gmt":"2025-10-13T14:48:47","guid":{"rendered":"https:\/\/cipele.ba\/shop\/uncategorized\/timberland-sprint-trekker-4\/"},"modified":"2026-04-19T00:45:40","modified_gmt":"2026-04-19T00:45:40","slug":"timberland-sprint-trekker-4","status":"publish","type":"product","link":"https:\/\/cipele.ba\/en\/shop\/muskarci\/muske-gleznjace\/timberland-sprint-trekker-4\/","title":{"rendered":"Timberland Sprint Trekker"},"content":{"rendered":"<\/p>\n<p> Timberland Sprint Trekker mu\u0161ke outdoor cipele su svestrane, vodootporne cipele sa ekskluzivnom TimberDry vodootpornom postavom. <\/p>\n<p> Njihovo gornji\u0161te je napravljeno od ReBOTL\u2122 tkanine, koja sadr\u017ei najmanje 50% reciklirane plastike. Lagano i prozra\u010dno OrthoLite\u00ae gazi\u0161te omogu\u0107ava amortizaciju dok gumeni \u0111on garantuje odli\u010dno prianjanje. Ove cipele pru\u017eaju maksimalan nivo udobnosti i istovremeno nude moderan izgled. <\/p>\n<p> Specifikacija: <\/p>\n<li> Poludubok profil <\/li>\n<li> Pertlanje <\/li>\n<li> Gornji\u0161te od ReBOTL\u2122 tkanine <\/li>\n<li> TimberDry vodootporna postava <\/li>\n<li> OrthoLite\u00ae gazi\u0161te <\/li>\n<li> Srednji \u0111on od EVA pene <\/li>\n<li> Gumeni \u0111on <\/li>","protected":false},"excerpt":{"rendered":"<p>Timberland Sprint Trekker mu\u0161ke outdoor cipele su svestrane, vodootporne cipele sa ekskluzivnom TimberDry vodootpornom postavom. Njihovo gornji\u0161te je napravljeno od ReBOTL\u2122 tkanine, koja sadr\u017ei najmanje 50% reciklirane plastike. Lagano i prozra\u010dno OrthoLite\u00ae gazi\u0161te omogu\u0107ava amortizaciju dok gumeni \u0111on garantuje odli\u010dno prianjanje. Ove cipele pru\u017eaju maksimalan nivo udobnosti i istovremeno nude moderan izgled. Specifikacija: Poludubok profil [&hellip;]<\/p>","protected":false},"featured_media":24960,"template":"","meta":{"jetpack_post_was_ever_published":false},"product_brand":[94],"product_cat":[68],"product_tag":[],"class_list":{"0":"post-24961","1":"product","2":"type-product","3":"status-publish","4":"has-post-thumbnail","6":"product_brand-sport_vision","7":"product_cat-muske-gleznjace","9":"first","10":"instock","11":"sale","12":"shipping-taxable","13":"product-type-external"},"jetpack-related-posts":[],"jetpack_sharing_enabled":true,"_links":{"self":[{"href":"https:\/\/cipele.ba\/en\/wp-json\/wp\/v2\/product\/24961","targetHints":{"allow":["GET"]}}],"collection":[{"href":"https:\/\/cipele.ba\/en\/wp-json\/wp\/v2\/product"}],"about":[{"href":"https:\/\/cipele.ba\/en\/wp-json\/wp\/v2\/types\/product"}],"wp:featuredmedia":[{"embeddable":true,"href":"https:\/\/cipele.ba\/en\/wp-json\/wp\/v2\/media\/24960"}],"wp:attachment":[{"href":"https:\/\/cipele.ba\/en\/wp-json\/wp\/v2\/media?parent=24961"}],"wp:term":[{"taxonomy":"product_brand","embeddable":true,"href":"https:\/\/cipele.ba\/en\/wp-json\/wp\/v2\/product_brand?post=24961"},{"taxonomy":"product_cat","embeddable":true,"href":"https:\/\/cipele.ba\/en\/wp-json\/wp\/v2\/product_cat?post=24961"},{"taxonomy":"product_tag","embeddable":true,"href":"https:\/\/cipele.ba\/en\/wp-json\/wp\/v2\/product_tag?post=24961"}],"curies":[{"name":"wp","href":"https:\/\/api.w.org\/{rel}","templated":true}]}}