{"id":24968,"date":"2025-10-13T14:48:50","date_gmt":"2025-10-13T14:48:50","guid":{"rendered":"https:\/\/cipele.ba\/shop\/uncategorized\/helly-hansen-birchwood\/"},"modified":"2026-04-19T02:25:03","modified_gmt":"2026-04-19T02:25:03","slug":"helly-hansen-birchwood","status":"publish","type":"product","link":"https:\/\/cipele.ba\/en\/shop\/muskarci\/muske-gleznjace\/helly-hansen-birchwood\/","title":{"rendered":"Helly Hansen Birchwood"},"content":{"rendered":"<\/p>\n<p> HELLY HANSEN BIRCHWOOD su mu\u0161ke lifestyle cipele koje privla\u010de pa\u017enju svojim dizajnom, ali i visokom funkcionalno\u0161\u0107u. <\/p>\n<p> Idealan su izbor za sve koji vole jednostavan sportski stil. Svojim dizajnom garantuju udobnost i lako\u0107u kretanja. Dizajnirane za udobnost i svestranost, a napravljene od najvalitetnije ko\u017ee iz Leather Working Group i vodootporne su. Poludubok profil i i standardno pertlanje te svedeni kolorit omogu\u0107avaju da ih kombinujete u razli\u010ditim prilikama i sa razli\u010ditim komadima garderobe. Ulo\u017eak od EVA pjene obezbje\u0111uje odli\u010dnu amortizaciju i dodaje na udobnosti. <\/p>\n<p> Specifikacija: <\/p>\n<li> Mu\u0161ke lifestyle cipele <\/li>\n<li> Poludubok profil <\/li>\n<li> Pertle od 100% recikliranog materijala <\/li>\n<li> Vodoodbojne <\/li>\n<li>Gornji\u0161te od ko\u017ee <\/li>\n<li>Ulo\u017eak od EVA pjene <\/li>","protected":false},"excerpt":{"rendered":"<p>HELLY HANSEN BIRCHWOOD su mu\u0161ke lifestyle cipele koje privla\u010de pa\u017enju svojim dizajnom, ali i visokom funkcionalno\u0161\u0107u. Idealan su izbor za sve koji vole jednostavan sportski stil. Svojim dizajnom garantuju udobnost i lako\u0107u kretanja. Dizajnirane za udobnost i svestranost, a napravljene od najvalitetnije ko\u017ee iz Leather Working Group i vodootporne su. Poludubok profil i i standardno [&hellip;]<\/p>","protected":false},"featured_media":24966,"template":"","meta":{"jetpack_post_was_ever_published":false},"product_brand":[94],"product_cat":[68],"product_tag":[],"class_list":{"0":"post-24968","1":"product","2":"type-product","3":"status-publish","4":"has-post-thumbnail","6":"product_brand-sport_vision","7":"product_cat-muske-gleznjace","9":"first","10":"instock","11":"sale","12":"shipping-taxable","13":"product-type-external"},"jetpack-related-posts":[],"jetpack_sharing_enabled":true,"_links":{"self":[{"href":"https:\/\/cipele.ba\/en\/wp-json\/wp\/v2\/product\/24968","targetHints":{"allow":["GET"]}}],"collection":[{"href":"https:\/\/cipele.ba\/en\/wp-json\/wp\/v2\/product"}],"about":[{"href":"https:\/\/cipele.ba\/en\/wp-json\/wp\/v2\/types\/product"}],"wp:featuredmedia":[{"embeddable":true,"href":"https:\/\/cipele.ba\/en\/wp-json\/wp\/v2\/media\/24966"}],"wp:attachment":[{"href":"https:\/\/cipele.ba\/en\/wp-json\/wp\/v2\/media?parent=24968"}],"wp:term":[{"taxonomy":"product_brand","embeddable":true,"href":"https:\/\/cipele.ba\/en\/wp-json\/wp\/v2\/product_brand?post=24968"},{"taxonomy":"product_cat","embeddable":true,"href":"https:\/\/cipele.ba\/en\/wp-json\/wp\/v2\/product_cat?post=24968"},{"taxonomy":"product_tag","embeddable":true,"href":"https:\/\/cipele.ba\/en\/wp-json\/wp\/v2\/product_tag?post=24968"}],"curies":[{"name":"wp","href":"https:\/\/api.w.org\/{rel}","templated":true}]}}