{"id":24975,"date":"2025-10-13T14:48:53","date_gmt":"2025-10-13T14:48:53","guid":{"rendered":"https:\/\/cipele.ba\/shop\/uncategorized\/helly-hansen-cascade\/"},"modified":"2026-04-19T00:55:14","modified_gmt":"2026-04-19T00:55:14","slug":"helly-hansen-cascade","status":"publish","type":"product","link":"https:\/\/cipele.ba\/en\/shop\/muskarci\/muske-gleznjace\/helly-hansen-cascade\/","title":{"rendered":"Helly Hansen Cascade"},"content":{"rendered":"<\/p>\n<p> HELLY HANSEN CASCADE su lagane i komforne mu\u0161ke outdoor cipele koje pru\u017eaju odli\u010dne performanse. <\/p>\n<p> Ove cipele su napravljene za za\u0161titu i udobnost na stazi. Potpuno su vodootporne sa HELLY TECH\u00ae membranom. Stabilizator i HH\u00ae Pro-Guard oja\u010danje u predjelu prstiju i pete pru\u017eaju podr\u0161ku koja vam je potrebna tokom dugih dana. Na\u0161 HH\u00ae Max Comfort ulo\u017eak i HH\u00ae Power-Stride tehnologija srednjeg \u0111ona pru\u017eaju amortizaciju i udobnost. \u0110on ima sistem vi\u0161esmerne vu\u010de i HH\u00ae Surround-Grip tehnologiju kako biste bili sigurni na razli\u010ditim terenima. Patike su plitkog profila sa zanimljivim koloritnim pertlama.<\/p>\n<p> Specifikacija: <\/p>\n<li> Mu\u0161ke outdoor cipele <\/li>\n<li> HELLY TECH\u00ae membrana <\/li>\n<li> Pertlanje <\/li>\n<li>HH\u00ae Pro-Guard oja\u010danje<\/li>\n<li>HH\u00ae Max Comfort ulo\u017eak <\/li>\n<li>Plitak profil<\/li>\n<li>Jezi\u010dak za petu<\/li>\n<li> HH\u00ae surround-Grip tehnologija <\/li>","protected":false},"excerpt":{"rendered":"<p>HELLY HANSEN CASCADE su lagane i komforne mu\u0161ke outdoor cipele koje pru\u017eaju odli\u010dne performanse. Ove cipele su napravljene za za\u0161titu i udobnost na stazi. Potpuno su vodootporne sa HELLY TECH\u00ae membranom. Stabilizator i HH\u00ae Pro-Guard oja\u010danje u predjelu prstiju i pete pru\u017eaju podr\u0161ku koja vam je potrebna tokom dugih dana. Na\u0161 HH\u00ae Max Comfort ulo\u017eak [&hellip;]<\/p>","protected":false},"featured_media":24973,"template":"","meta":{"jetpack_post_was_ever_published":false},"product_brand":[94],"product_cat":[68],"product_tag":[],"class_list":{"0":"post-24975","1":"product","2":"type-product","3":"status-publish","4":"has-post-thumbnail","6":"product_brand-sport_vision","7":"product_cat-muske-gleznjace","9":"first","10":"instock","11":"sale","12":"shipping-taxable","13":"product-type-external"},"jetpack-related-posts":[],"jetpack_sharing_enabled":true,"_links":{"self":[{"href":"https:\/\/cipele.ba\/en\/wp-json\/wp\/v2\/product\/24975","targetHints":{"allow":["GET"]}}],"collection":[{"href":"https:\/\/cipele.ba\/en\/wp-json\/wp\/v2\/product"}],"about":[{"href":"https:\/\/cipele.ba\/en\/wp-json\/wp\/v2\/types\/product"}],"wp:featuredmedia":[{"embeddable":true,"href":"https:\/\/cipele.ba\/en\/wp-json\/wp\/v2\/media\/24973"}],"wp:attachment":[{"href":"https:\/\/cipele.ba\/en\/wp-json\/wp\/v2\/media?parent=24975"}],"wp:term":[{"taxonomy":"product_brand","embeddable":true,"href":"https:\/\/cipele.ba\/en\/wp-json\/wp\/v2\/product_brand?post=24975"},{"taxonomy":"product_cat","embeddable":true,"href":"https:\/\/cipele.ba\/en\/wp-json\/wp\/v2\/product_cat?post=24975"},{"taxonomy":"product_tag","embeddable":true,"href":"https:\/\/cipele.ba\/en\/wp-json\/wp\/v2\/product_tag?post=24975"}],"curies":[{"name":"wp","href":"https:\/\/api.w.org\/{rel}","templated":true}]}}