{"id":24979,"date":"2025-10-13T14:48:56","date_gmt":"2025-10-13T14:48:56","guid":{"rendered":"https:\/\/cipele.ba\/shop\/uncategorized\/helly-hansen-the-forester\/"},"modified":"2026-04-21T10:32:34","modified_gmt":"2026-04-21T10:32:34","slug":"helly-hansen-the-forester","status":"publish","type":"product","link":"https:\/\/cipele.ba\/en\/shop\/muskarci\/muske-gleznjace\/helly-hansen-the-forester\/","title":{"rendered":"Helly Hansen The Forester"},"content":{"rendered":"<\/p>\n<p> HELLY HANSEN THE FORESTER mu\u0161ke outdoor planinarske cipele su najprodavaniji HH model svih vremena. <\/p>\n<p> Idealan su izbor za sve koji vole jednostavan sportski stil. Svojim dizajnom garantuju udobnost i lako\u0107u kretanja. Cipele su napravljene od ko\u017ee, vodootporne su, dubokog profila i sa klasi\u010dnim pertlanjem. I tokom te\u0161ke zime, va\u0161a stopala ostaju suva i topla, pa se mo\u017eete osje\u0107ati i izgledati dobro. Vanvremenski, \u010dist dizajn oboga\u0107en je vodootpornom ko\u017eom, kako biste bili za\u0161ti\u0107eni iz godine u godinu. Lake su za obuvanje i zahvaljuju\u0107i EVA srednjem \u0111onu udobne. Njihovo izuzetno prianjanje trpi te\u0161ke zimske uslove.<\/p>\n<p> Specifikacija: <\/p>\n<li> Mu\u0161ke planinarske cipele <\/li>\n<li> EVA srednji \u0111on <\/li>\n<li> Pertlanje <\/li>\n<li>Dubok profil<\/li>\n<li>HH\u00ae Quick Dry tehnologija<\/li>\n<li> HH\u00ae Hover-Stride tehnologija <\/li>\n<li> HH\u00ae Max-Grip tehnologija<\/li>\n<li> HH\u00ae Seam-Shield tehnologija<\/li>\n<li> HH\u00ae Comfort tehnologija <\/li>","protected":false},"excerpt":{"rendered":"<p>HELLY HANSEN THE FORESTER mu\u0161ke outdoor planinarske cipele su najprodavaniji HH model svih vremena. Idealan su izbor za sve koji vole jednostavan sportski stil. Svojim dizajnom garantuju udobnost i lako\u0107u kretanja. Cipele su napravljene od ko\u017ee, vodootporne su, dubokog profila i sa klasi\u010dnim pertlanjem. I tokom te\u0161ke zime, va\u0161a stopala ostaju suva i topla, pa [&hellip;]<\/p>","protected":false},"featured_media":24976,"template":"","meta":{"jetpack_post_was_ever_published":false},"product_brand":[94],"product_cat":[68],"product_tag":[],"class_list":{"0":"post-24979","1":"product","2":"type-product","3":"status-publish","4":"has-post-thumbnail","6":"product_brand-sport_vision","7":"product_cat-muske-gleznjace","9":"first","10":"instock","11":"sale","12":"shipping-taxable","13":"product-type-external"},"jetpack-related-posts":[],"jetpack_sharing_enabled":true,"_links":{"self":[{"href":"https:\/\/cipele.ba\/en\/wp-json\/wp\/v2\/product\/24979","targetHints":{"allow":["GET"]}}],"collection":[{"href":"https:\/\/cipele.ba\/en\/wp-json\/wp\/v2\/product"}],"about":[{"href":"https:\/\/cipele.ba\/en\/wp-json\/wp\/v2\/types\/product"}],"wp:featuredmedia":[{"embeddable":true,"href":"https:\/\/cipele.ba\/en\/wp-json\/wp\/v2\/media\/24976"}],"wp:attachment":[{"href":"https:\/\/cipele.ba\/en\/wp-json\/wp\/v2\/media?parent=24979"}],"wp:term":[{"taxonomy":"product_brand","embeddable":true,"href":"https:\/\/cipele.ba\/en\/wp-json\/wp\/v2\/product_brand?post=24979"},{"taxonomy":"product_cat","embeddable":true,"href":"https:\/\/cipele.ba\/en\/wp-json\/wp\/v2\/product_cat?post=24979"},{"taxonomy":"product_tag","embeddable":true,"href":"https:\/\/cipele.ba\/en\/wp-json\/wp\/v2\/product_tag?post=24979"}],"curies":[{"name":"wp","href":"https:\/\/api.w.org\/{rel}","templated":true}]}}