{"id":24980,"date":"2025-10-13T14:48:56","date_gmt":"2025-10-13T14:48:56","guid":{"rendered":"https:\/\/cipele.ba\/shop\/uncategorized\/hoka-anacapa-2\/"},"modified":"2026-04-19T00:07:20","modified_gmt":"2026-04-19T00:07:20","slug":"hoka-anacapa-2","status":"publish","type":"product","link":"https:\/\/cipele.ba\/en\/shop\/muskarci\/muske-gleznjace\/hoka-anacapa-2\/","title":{"rendered":"Hoka Anacapa 2"},"content":{"rendered":"<\/p>\n<p> HOKA Anacapa 2 Mid GTX su mu\u0161ke patike za tr\u010danje dizajnirane da pru\u017ee komfor, bez obzira na pre\u0111ene kilometre. <\/p>\n<p> Ove Patike za tr\u010danje redizajnirane su tako da je Fokus postavljen na obnovljive materijale pogodne za planetu, te je a\u017eurirano mre\u017easto gornji\u0161te nastalo od recikliranog prediva. Osim toga, istim procesom proizvodnje je nastao Vibram\u00ae Megagrip \u0111on i EVA me\u0111u\u0111on. Sa ovim modelom ne zna se gdje \u0107e vas brzina odvesti. GORE-TEX membrana pru\u017ea vodootpornu za\u0161titu, te ne morate brinuti o vremenskim uslovima kada krenete na svoju omiljenu rutu. Gumeno oja\u010danje spre\u010dava habanje na klju\u010dnim mestima. <\/p>\n<p> Specifikacija: <\/p>\n<li> Mu\u0161ke patke za tr\u010danje <\/li>\n<li> Poludubok profil <\/li>\n<li> Pertlanje <\/li>\n<li> Mre\u017easto gornji\u0161te <\/li>\n<li> Vibram\u00ae Megagrip \u0111on <\/li>\n<li> EVA me\u0111u\u0111on <\/li>\n<li> GORE-TEX membrana <\/li>","protected":false},"excerpt":{"rendered":"<p>HOKA Anacapa 2 Mid GTX su mu\u0161ke patike za tr\u010danje dizajnirane da pru\u017ee komfor, bez obzira na pre\u0111ene kilometre. Ove Patike za tr\u010danje redizajnirane su tako da je Fokus postavljen na obnovljive materijale pogodne za planetu, te je a\u017eurirano mre\u017easto gornji\u0161te nastalo od recikliranog prediva. Osim toga, istim procesom proizvodnje je nastao Vibram\u00ae Megagrip \u0111on [&hellip;]<\/p>","protected":false},"featured_media":24977,"template":"","meta":{"jetpack_post_was_ever_published":false},"product_brand":[94],"product_cat":[68],"product_tag":[],"class_list":{"0":"post-24980","1":"product","2":"type-product","3":"status-publish","4":"has-post-thumbnail","6":"product_brand-sport_vision","7":"product_cat-muske-gleznjace","9":"first","10":"instock","11":"sale","12":"shipping-taxable","13":"product-type-external"},"jetpack-related-posts":[],"jetpack_sharing_enabled":true,"_links":{"self":[{"href":"https:\/\/cipele.ba\/en\/wp-json\/wp\/v2\/product\/24980","targetHints":{"allow":["GET"]}}],"collection":[{"href":"https:\/\/cipele.ba\/en\/wp-json\/wp\/v2\/product"}],"about":[{"href":"https:\/\/cipele.ba\/en\/wp-json\/wp\/v2\/types\/product"}],"wp:featuredmedia":[{"embeddable":true,"href":"https:\/\/cipele.ba\/en\/wp-json\/wp\/v2\/media\/24977"}],"wp:attachment":[{"href":"https:\/\/cipele.ba\/en\/wp-json\/wp\/v2\/media?parent=24980"}],"wp:term":[{"taxonomy":"product_brand","embeddable":true,"href":"https:\/\/cipele.ba\/en\/wp-json\/wp\/v2\/product_brand?post=24980"},{"taxonomy":"product_cat","embeddable":true,"href":"https:\/\/cipele.ba\/en\/wp-json\/wp\/v2\/product_cat?post=24980"},{"taxonomy":"product_tag","embeddable":true,"href":"https:\/\/cipele.ba\/en\/wp-json\/wp\/v2\/product_tag?post=24980"}],"curies":[{"name":"wp","href":"https:\/\/api.w.org\/{rel}","templated":true}]}}