{"id":24981,"date":"2025-10-13T14:48:57","date_gmt":"2025-10-13T14:48:57","guid":{"rendered":"https:\/\/cipele.ba\/shop\/uncategorized\/columbia-peakfreak-ii\/"},"modified":"2026-04-18T14:35:11","modified_gmt":"2026-04-18T14:35:11","slug":"columbia-peakfreak-ii","status":"publish","type":"product","link":"https:\/\/cipele.ba\/en\/shop\/muskarci\/muske-gleznjace\/columbia-peakfreak-ii\/","title":{"rendered":"Columbia Peakfreak\u2122 II"},"content":{"rendered":"<\/p>\n<p> U\u017eivajte u aktivnostima napolju uz Columbia Peakfreak\u2122 II ko\u017enim cipelama za mu\u0161karce. <\/p>\n<p> Ove lagane cipele su namijenjene svima onima koji u\u017eivaju u avanturama u prirodi, vodootporne su i pru\u017ei\u0107e vam komfor i stabilnost bez obzira \u010dime se bavite. Odgovarajuc\u0301i, me\u0111u\u0111on sa jastu\u010dic\u0301ima vam pru\u017ea podr\u0161ku i stabilnu udobnost. \u0110on pru\u017ea izuzetnu vu\u010du na razli\u010ditim terenima od blata do kamenja. Techlite+\u2122 srednji \u0111on od pjene sa jednom gustinom pru\u017ea iskustvo amortizacije pod nogama istovremeno pru\u017eaju\u0107i vrhunsku udobnost i stabilnost na stazi. Adapt Trax\u2122 potplat pru\u017ea izuzetnu vu\u010du u mokrim i suvim uslovima. <\/p>\n<p> Specifikacija: <\/p>\n<li> Mu\u0161ke cipele <\/li>\n<li> Gornji\u0161te od ko\u017ee sa tekstilnom kragnom za dodatnu udobnost <\/li>\n<li> Navic Fit System\u2122 obezbje\u0111uje prirodno zaklju\u010davanje srednjeg dijela stopala <\/li>\n<li> OutDry\u2122 vodootporna, prozra\u010dna konstrukcija <\/li>\n<li> Gumena peta i kapica za prste od ogrebotina pru\u017eaju modernu za\u0161titu <\/li>\n<li> Autenti\u010dni metalni okovi za podesivu monta\u017eu <\/li>","protected":false},"excerpt":{"rendered":"<p>U\u017eivajte u aktivnostima napolju uz Columbia Peakfreak\u2122 II ko\u017enim cipelama za mu\u0161karce. Ove lagane cipele su namijenjene svima onima koji u\u017eivaju u avanturama u prirodi, vodootporne su i pru\u017ei\u0107e vam komfor i stabilnost bez obzira \u010dime se bavite. Odgovarajuc\u0301i, me\u0111u\u0111on sa jastu\u010dic\u0301ima vam pru\u017ea podr\u0161ku i stabilnu udobnost. \u0110on pru\u017ea izuzetnu vu\u010du na razli\u010ditim terenima [&hellip;]<\/p>","protected":false},"featured_media":24978,"template":"","meta":{"jetpack_post_was_ever_published":false},"product_brand":[94],"product_cat":[68],"product_tag":[],"class_list":{"0":"post-24981","1":"product","2":"type-product","3":"status-publish","4":"has-post-thumbnail","6":"product_brand-sport_vision","7":"product_cat-muske-gleznjace","9":"first","10":"instock","11":"sale","12":"shipping-taxable","13":"product-type-external"},"jetpack-related-posts":[],"jetpack_sharing_enabled":true,"_links":{"self":[{"href":"https:\/\/cipele.ba\/en\/wp-json\/wp\/v2\/product\/24981","targetHints":{"allow":["GET"]}}],"collection":[{"href":"https:\/\/cipele.ba\/en\/wp-json\/wp\/v2\/product"}],"about":[{"href":"https:\/\/cipele.ba\/en\/wp-json\/wp\/v2\/types\/product"}],"wp:featuredmedia":[{"embeddable":true,"href":"https:\/\/cipele.ba\/en\/wp-json\/wp\/v2\/media\/24978"}],"wp:attachment":[{"href":"https:\/\/cipele.ba\/en\/wp-json\/wp\/v2\/media?parent=24981"}],"wp:term":[{"taxonomy":"product_brand","embeddable":true,"href":"https:\/\/cipele.ba\/en\/wp-json\/wp\/v2\/product_brand?post=24981"},{"taxonomy":"product_cat","embeddable":true,"href":"https:\/\/cipele.ba\/en\/wp-json\/wp\/v2\/product_cat?post=24981"},{"taxonomy":"product_tag","embeddable":true,"href":"https:\/\/cipele.ba\/en\/wp-json\/wp\/v2\/product_tag?post=24981"}],"curies":[{"name":"wp","href":"https:\/\/api.w.org\/{rel}","templated":true}]}}