{"id":24985,"date":"2025-10-13T14:48:59","date_gmt":"2025-10-13T14:48:59","guid":{"rendered":"https:\/\/cipele.ba\/shop\/uncategorized\/the-north-face-exploris-2\/"},"modified":"2026-04-18T20:33:48","modified_gmt":"2026-04-18T20:33:48","slug":"the-north-face-exploris-2","status":"publish","type":"product","link":"https:\/\/cipele.ba\/en\/shop\/muskarci\/muske-gleznjace\/the-north-face-exploris-2\/","title":{"rendered":"The North Face Exploris 2"},"content":{"rendered":"<\/p>\n<p> The North Face vectiv Exploris 2 su mu\u0161ke poluduboke \u010dizme za planinarenje koje pomjeraju granice. <\/p>\n<p> Nastale pod uticajem tr\u010danja po stazi, ove patike su optimizovane za planinarenje. Mu\u0161ke vectiv\u2122 Exploris 2 MID futurelight\u2122 ko\u017ene patike pru\u017eaju najvi\u0161e amortizacije i stabilnosti tokom planinarenja. Vodootporne, prozra\u010dne i dizajnirane od veoma izdr\u017eljivih materijala, ove patike su namjenski napravljene za tehni\u010dke dnevne \u0161etnje ili vi\u0161ednevne izlete. Gornji\u0161te je napravljeno od ko\u017ee otporne na habanje, a prozra\u010dna vodootporna FUTURELIGHT\u2122 membrana \u0161titi od vlage. Sole Unit| VECTIV 2.0 pomjerajuc\u0301i me\u0111u\u0111on i 3D TPU plo\u010da obezbje\u0111uju komfor i stabilnost, a geometrija srednjeg \u0111ona osmi\u0161ljena da stvori dugotrajan pogon napred. Srednji \u0111on napravljen od vrhunske EVA pjene, a surface ctrl\u2122 gumeni \u0111on sa u\u0161icama od 4 mm dizajniran je za izdr\u017eljivost u oblastima visokog habanja. <\/p>\n<p> Specifikacija: <\/p>\n<li> Mu\u0161ke poluduboke \u010dizme <\/li>\n<li> Petrlanje <\/li>\n<li> Surface CTRL gumeni \u0111on <\/li>","protected":false},"excerpt":{"rendered":"<p>The North Face vectiv Exploris 2 su mu\u0161ke poluduboke \u010dizme za planinarenje koje pomjeraju granice. Nastale pod uticajem tr\u010danja po stazi, ove patike su optimizovane za planinarenje. Mu\u0161ke vectiv\u2122 Exploris 2 MID futurelight\u2122 ko\u017ene patike pru\u017eaju najvi\u0161e amortizacije i stabilnosti tokom planinarenja. Vodootporne, prozra\u010dne i dizajnirane od veoma izdr\u017eljivih materijala, ove patike su namjenski napravljene [&hellip;]<\/p>","protected":false},"featured_media":24982,"template":"","meta":{"jetpack_post_was_ever_published":false},"product_brand":[94],"product_cat":[68],"product_tag":[],"class_list":{"0":"post-24985","1":"product","2":"type-product","3":"status-publish","4":"has-post-thumbnail","6":"product_brand-sport_vision","7":"product_cat-muske-gleznjace","9":"first","10":"instock","11":"sale","12":"shipping-taxable","13":"product-type-external"},"jetpack-related-posts":[],"jetpack_sharing_enabled":true,"_links":{"self":[{"href":"https:\/\/cipele.ba\/en\/wp-json\/wp\/v2\/product\/24985","targetHints":{"allow":["GET"]}}],"collection":[{"href":"https:\/\/cipele.ba\/en\/wp-json\/wp\/v2\/product"}],"about":[{"href":"https:\/\/cipele.ba\/en\/wp-json\/wp\/v2\/types\/product"}],"wp:featuredmedia":[{"embeddable":true,"href":"https:\/\/cipele.ba\/en\/wp-json\/wp\/v2\/media\/24982"}],"wp:attachment":[{"href":"https:\/\/cipele.ba\/en\/wp-json\/wp\/v2\/media?parent=24985"}],"wp:term":[{"taxonomy":"product_brand","embeddable":true,"href":"https:\/\/cipele.ba\/en\/wp-json\/wp\/v2\/product_brand?post=24985"},{"taxonomy":"product_cat","embeddable":true,"href":"https:\/\/cipele.ba\/en\/wp-json\/wp\/v2\/product_cat?post=24985"},{"taxonomy":"product_tag","embeddable":true,"href":"https:\/\/cipele.ba\/en\/wp-json\/wp\/v2\/product_tag?post=24985"}],"curies":[{"name":"wp","href":"https:\/\/api.w.org\/{rel}","templated":true}]}}