{"id":24990,"date":"2025-10-13T14:49:03","date_gmt":"2025-10-13T14:49:03","guid":{"rendered":"https:\/\/cipele.ba\/shop\/uncategorized\/under-armour-valsetz\/"},"modified":"2026-04-18T15:20:03","modified_gmt":"2026-04-18T15:20:03","slug":"under-armour-valsetz","status":"publish","type":"product","link":"https:\/\/cipele.ba\/en\/shop\/muskarci\/muske-gleznjace\/under-armour-valsetz\/","title":{"rendered":"Under Armour Valsetz"},"content":{"rendered":"<\/p>\n<p> Under Armour Micro G\u00ae Valsetz su mu\u0161ke poluduboke takti\u010dke \u010dizme koje \u0107e biti va\u0161 vjerni pratilac ma gde krenuli. <\/p>\n<p> Podigli smo jednu od na\u0161ih najboljih, najizdr\u017eljivijih i ludo udobnih takti\u010dkih \u010dizama sa Micro G\u00ae mekim \u0111onom koji \u0107ete vi\u0161e cijeniti \u0161to du\u017ee budete na nogama. Srednja visina poja\u010dava za\u0161titu gle\u017enja. Lagani gornji dio od sinteti\u010dke ko\u017ee i tekstila je izdr\u017eljiv i prozra\u010dan. Zavareni sloj na prednjem dijelu stopala i oblikovana TPU kapica pru\u017eaju dodatnu za\u0161titu. Om\u010de na peti i jeziku omogu\u0107avaju lako obuvanje i izuvanje. Contoura\u00ae Support podloga protiv zamora sa pjenom koja apsorbuje udarce pove\u0107avaju komfor prilikom no\u0161enja, a Micro G\u00ae pjenasti me\u0111u\u0111on pune du\u017eine obezbje\u0111uje vrhunsku dugotrajnu amortizaciju. Gumeni \u0111on otporan na ulje i klizanje sa visokom vu\u010dom obezbje\u0111uje bolje prianjanje na razli\u010ditim povr\u0161inama. <\/p>\n<p> Specifikacija: <\/p>\n<li> Mu\u0161ke takti\u010dke patike <\/li>\n<li> Poluduboki profil <\/li>\n<li> Gumeni \u0111on <\/li>\n<li> Micro G\u00ae pjenasti me\u0111u\u0111on <\/li>","protected":false},"excerpt":{"rendered":"<p>Under Armour Micro G\u00ae Valsetz su mu\u0161ke poluduboke takti\u010dke \u010dizme koje \u0107e biti va\u0161 vjerni pratilac ma gde krenuli. Podigli smo jednu od na\u0161ih najboljih, najizdr\u017eljivijih i ludo udobnih takti\u010dkih \u010dizama sa Micro G\u00ae mekim \u0111onom koji \u0107ete vi\u0161e cijeniti \u0161to du\u017ee budete na nogama. Srednja visina poja\u010dava za\u0161titu gle\u017enja. Lagani gornji dio od sinteti\u010dke [&hellip;]<\/p>","protected":false},"featured_media":24988,"template":"","meta":{"jetpack_post_was_ever_published":false},"product_brand":[94],"product_cat":[83,68],"product_tag":[],"class_list":{"0":"post-24990","1":"product","2":"type-product","3":"status-publish","4":"has-post-thumbnail","6":"product_brand-sport_vision","7":"product_cat-popusti25","8":"product_cat-muske-gleznjace","10":"first","11":"instock","12":"sale","13":"shipping-taxable","14":"product-type-external"},"jetpack-related-posts":[],"jetpack_sharing_enabled":true,"_links":{"self":[{"href":"https:\/\/cipele.ba\/en\/wp-json\/wp\/v2\/product\/24990","targetHints":{"allow":["GET"]}}],"collection":[{"href":"https:\/\/cipele.ba\/en\/wp-json\/wp\/v2\/product"}],"about":[{"href":"https:\/\/cipele.ba\/en\/wp-json\/wp\/v2\/types\/product"}],"wp:featuredmedia":[{"embeddable":true,"href":"https:\/\/cipele.ba\/en\/wp-json\/wp\/v2\/media\/24988"}],"wp:attachment":[{"href":"https:\/\/cipele.ba\/en\/wp-json\/wp\/v2\/media?parent=24990"}],"wp:term":[{"taxonomy":"product_brand","embeddable":true,"href":"https:\/\/cipele.ba\/en\/wp-json\/wp\/v2\/product_brand?post=24990"},{"taxonomy":"product_cat","embeddable":true,"href":"https:\/\/cipele.ba\/en\/wp-json\/wp\/v2\/product_cat?post=24990"},{"taxonomy":"product_tag","embeddable":true,"href":"https:\/\/cipele.ba\/en\/wp-json\/wp\/v2\/product_tag?post=24990"}],"curies":[{"name":"wp","href":"https:\/\/api.w.org\/{rel}","templated":true}]}}