{"id":24995,"date":"2025-10-13T14:49:06","date_gmt":"2025-10-13T14:49:06","guid":{"rendered":"https:\/\/cipele.ba\/shop\/uncategorized\/kander-hermon-2\/"},"modified":"2026-04-21T10:09:17","modified_gmt":"2026-04-21T10:09:17","slug":"kander-hermon-2","status":"publish","type":"product","link":"https:\/\/cipele.ba\/en\/shop\/muskarci\/muske-gleznjace\/kander-hermon-2\/","title":{"rendered":"Kander HERMON"},"content":{"rendered":"<\/p>\n<p>KANDER HERMON su trejl patike pogodne za izlete ili planinarenje.<\/p>\n<p>Priroda je na\u0161e igrali\u0161te. Planinarske patike razvijene kroz prizmu urbanog aktivnog na\u010dina \u017eivota. U\u017eivajte u avanturi sa ovim parom planinarskih patika. Vodootporni model je moderne konstrukcije koja je multifunkcionalna, udobna i namijenjena za \u0161irok spektar aktivnosti na stazi. Posjeduju srednji \u0111on sa izbo\u010dinama koje osiguravaju stabilnost. Izdr\u017eljivi debeli gumeni \u0111on obezbje\u0111uje odli\u010dno prianjanje na sve podloge i daje sigurnost va\u0161em koraku. Zapertlajte ove funkcionalne KANDER patike, poludubokog profila i ima\u0107ete najboljeg saveznika u savladavanju i najzahtjevnijih planinskih staza.<\/p>\n<p> Specifikacija: <\/p>\n<li> Patike za planinarenje<\/li>\n<li>Klasi\u010dno pertlanje<\/li>\n<li>Poludubok profil<\/li>\n<li>Izbo\u010dine u srednjem \u0111onu<\/li>\n<li>Vodootporne<\/li>\n<li>Gumeni \u0111on <\/li>","protected":false},"excerpt":{"rendered":"<p>KANDER HERMON su trejl patike pogodne za izlete ili planinarenje. Priroda je na\u0161e igrali\u0161te. Planinarske patike razvijene kroz prizmu urbanog aktivnog na\u010dina \u017eivota. U\u017eivajte u avanturi sa ovim parom planinarskih patika. Vodootporni model je moderne konstrukcije koja je multifunkcionalna, udobna i namijenjena za \u0161irok spektar aktivnosti na stazi. Posjeduju srednji \u0111on sa izbo\u010dinama koje osiguravaju [&hellip;]<\/p>","protected":false},"featured_media":24994,"template":"","meta":{"jetpack_post_was_ever_published":false},"product_brand":[94],"product_cat":[83,68],"product_tag":[],"class_list":{"0":"post-24995","1":"product","2":"type-product","3":"status-publish","4":"has-post-thumbnail","6":"product_brand-sport_vision","7":"product_cat-popusti25","8":"product_cat-muske-gleznjace","10":"first","11":"instock","12":"sale","13":"shipping-taxable","14":"product-type-external"},"jetpack-related-posts":[],"jetpack_sharing_enabled":true,"_links":{"self":[{"href":"https:\/\/cipele.ba\/en\/wp-json\/wp\/v2\/product\/24995","targetHints":{"allow":["GET"]}}],"collection":[{"href":"https:\/\/cipele.ba\/en\/wp-json\/wp\/v2\/product"}],"about":[{"href":"https:\/\/cipele.ba\/en\/wp-json\/wp\/v2\/types\/product"}],"wp:featuredmedia":[{"embeddable":true,"href":"https:\/\/cipele.ba\/en\/wp-json\/wp\/v2\/media\/24994"}],"wp:attachment":[{"href":"https:\/\/cipele.ba\/en\/wp-json\/wp\/v2\/media?parent=24995"}],"wp:term":[{"taxonomy":"product_brand","embeddable":true,"href":"https:\/\/cipele.ba\/en\/wp-json\/wp\/v2\/product_brand?post=24995"},{"taxonomy":"product_cat","embeddable":true,"href":"https:\/\/cipele.ba\/en\/wp-json\/wp\/v2\/product_cat?post=24995"},{"taxonomy":"product_tag","embeddable":true,"href":"https:\/\/cipele.ba\/en\/wp-json\/wp\/v2\/product_tag?post=24995"}],"curies":[{"name":"wp","href":"https:\/\/api.w.org\/{rel}","templated":true}]}}