{"id":24999,"date":"2025-10-13T14:49:07","date_gmt":"2025-10-13T14:49:07","guid":{"rendered":"https:\/\/cipele.ba\/shop\/uncategorized\/salomon-quest-rove-gtx\/"},"modified":"2026-04-19T00:46:08","modified_gmt":"2026-04-19T00:46:08","slug":"salomon-quest-rove-gtx","status":"publish","type":"product","link":"https:\/\/cipele.ba\/en\/shop\/muskarci\/muske-gleznjace\/salomon-quest-rove-gtx\/","title":{"rendered":"Salomon Quest Rove Gtx"},"content":{"rendered":"<\/p>\n<p> Salomon Quest Rove Gtx su mu\u0161ke outdoor cipele koje \u0107e biti va\u0161 vjerni pratilac u svim va\u0161im avanturama. <\/p>\n<p> Gornji dio je napravljen od pune antilop ko\u017ee i vodootpornog GORE-TEKS-a, dok donja jedinica koristi Contragrip\u00ae gazi\u0161te. Sa visokom kragnom i dodatnom podr\u0161kom kada nosite ranac, bic\u0301ete spremni da istra\u017eujete blizu i daleko. Dizajniran za stabilnost i udobnost, posebno kada nosite te\u017eak ranac. Neustra\u0161iva kombinacija vodootpornog Gore-tex-a, strate\u0161kih poja\u010danja, robusne ko\u017ee i \u010dvrstog Contagrip\u00ae-a. Robusna cipela napravljena za duge vo\u017enje sa punom ko\u017eom, Gore-tex-om i dokazanim Salomon donjim dijelom. <\/p>\n<p> Specifikacija: <\/p>\n<li> Mu\u0161ke outdoor cipele <\/li>\n<li> <\/li>\n<li> Gore-tex <\/li>","protected":false},"excerpt":{"rendered":"<p>Salomon Quest Rove Gtx su mu\u0161ke outdoor cipele koje \u0107e biti va\u0161 vjerni pratilac u svim va\u0161im avanturama. Gornji dio je napravljen od pune antilop ko\u017ee i vodootpornog GORE-TEKS-a, dok donja jedinica koristi Contragrip\u00ae gazi\u0161te. Sa visokom kragnom i dodatnom podr\u0161kom kada nosite ranac, bic\u0301ete spremni da istra\u017eujete blizu i daleko. Dizajniran za stabilnost i [&hellip;]<\/p>","protected":false},"featured_media":24997,"template":"","meta":{"jetpack_post_was_ever_published":false},"product_brand":[94],"product_cat":[83,68],"product_tag":[],"class_list":{"0":"post-24999","1":"product","2":"type-product","3":"status-publish","4":"has-post-thumbnail","6":"product_brand-sport_vision","7":"product_cat-popusti25","8":"product_cat-muske-gleznjace","10":"first","11":"instock","12":"sale","13":"shipping-taxable","14":"product-type-external"},"jetpack-related-posts":[],"jetpack_sharing_enabled":true,"_links":{"self":[{"href":"https:\/\/cipele.ba\/en\/wp-json\/wp\/v2\/product\/24999","targetHints":{"allow":["GET"]}}],"collection":[{"href":"https:\/\/cipele.ba\/en\/wp-json\/wp\/v2\/product"}],"about":[{"href":"https:\/\/cipele.ba\/en\/wp-json\/wp\/v2\/types\/product"}],"wp:featuredmedia":[{"embeddable":true,"href":"https:\/\/cipele.ba\/en\/wp-json\/wp\/v2\/media\/24997"}],"wp:attachment":[{"href":"https:\/\/cipele.ba\/en\/wp-json\/wp\/v2\/media?parent=24999"}],"wp:term":[{"taxonomy":"product_brand","embeddable":true,"href":"https:\/\/cipele.ba\/en\/wp-json\/wp\/v2\/product_brand?post=24999"},{"taxonomy":"product_cat","embeddable":true,"href":"https:\/\/cipele.ba\/en\/wp-json\/wp\/v2\/product_cat?post=24999"},{"taxonomy":"product_tag","embeddable":true,"href":"https:\/\/cipele.ba\/en\/wp-json\/wp\/v2\/product_tag?post=24999"}],"curies":[{"name":"wp","href":"https:\/\/api.w.org\/{rel}","templated":true}]}}