{"id":25001,"date":"2025-10-13T14:49:09","date_gmt":"2025-10-13T14:49:09","guid":{"rendered":"https:\/\/cipele.ba\/shop\/uncategorized\/salomon-quest-rove-gtx-2\/"},"modified":"2026-04-18T20:45:27","modified_gmt":"2026-04-18T20:45:27","slug":"salomon-quest-rove-gtx-2","status":"publish","type":"product","link":"https:\/\/cipele.ba\/en\/shop\/muskarci\/muske-gleznjace\/salomon-quest-rove-gtx-2\/","title":{"rendered":"Salomon Quest Rove GTX"},"content":{"rendered":"<\/p>\n<p> Salomon Quest Rove GTX su mu\u0161ke patike za bekpeking, koje kombinuju bezvremenski dizajn i najsavremenije karakteristike, odr\u017eavaju udobnost i \u0161tite vasa tokom vi\u0161ednevnih pje\u0161a\u010denja po mje\u0161ovitim terenima. <\/p>\n<\/p>\n<p> <b> Detalji <\/b> <\/p>\n<li> Konstrukcija od pune antilop ko\u017ee sa GORE-TEX vodootpornom tehnologijom odr\u017eava va\u0161a stopala suvim i za\u0161ti\u0107enim, \u010dak i u vla\u017enim uslovima <\/li>\n<li> Contragrip\u00ae \u0161ara sa izuzetnim prianjanjem pru\u017ea izuzetnu trakciju i na vla\u017enim i na suvim povr\u0161inama, obezbje\u0111uju\u0107i stabilnost na me\u0161ovitim terenima <\/li>\n<li> Dizajn srednje dubine (139 mm) \u010dlanku pru\u017ea dodatnu potporu i za\u0161titu, naro\u010dito kada nosite te\u017eak ranac <\/li>\n<li> Dizajnirane sa dodatnom potporom da izdr\u017eite duge dane na stazi, pru\u017eaju udobnost kad nosite ranac du\u017ei vremenski period <\/li>\n<li> Te\u017ee 500 g po patici, savr\u0161ene su za produ\u017eeni treking i bekpeking <\/li>","protected":false},"excerpt":{"rendered":"<p>Salomon Quest Rove GTX su mu\u0161ke patike za bekpeking, koje kombinuju bezvremenski dizajn i najsavremenije karakteristike, odr\u017eavaju udobnost i \u0161tite vasa tokom vi\u0161ednevnih pje\u0161a\u010denja po mje\u0161ovitim terenima. Detalji Konstrukcija od pune antilop ko\u017ee sa GORE-TEX vodootpornom tehnologijom odr\u017eava va\u0161a stopala suvim i za\u0161ti\u0107enim, \u010dak i u vla\u017enim uslovima Contragrip\u00ae \u0161ara sa izuzetnim prianjanjem pru\u017ea izuzetnu [&hellip;]<\/p>","protected":false},"featured_media":25000,"template":"","meta":{"jetpack_post_was_ever_published":false},"product_brand":[94],"product_cat":[68],"product_tag":[],"class_list":{"0":"post-25001","1":"product","2":"type-product","3":"status-publish","4":"has-post-thumbnail","6":"product_brand-sport_vision","7":"product_cat-muske-gleznjace","9":"first","10":"instock","11":"sale","12":"shipping-taxable","13":"product-type-external"},"jetpack-related-posts":[],"jetpack_sharing_enabled":true,"_links":{"self":[{"href":"https:\/\/cipele.ba\/en\/wp-json\/wp\/v2\/product\/25001","targetHints":{"allow":["GET"]}}],"collection":[{"href":"https:\/\/cipele.ba\/en\/wp-json\/wp\/v2\/product"}],"about":[{"href":"https:\/\/cipele.ba\/en\/wp-json\/wp\/v2\/types\/product"}],"wp:featuredmedia":[{"embeddable":true,"href":"https:\/\/cipele.ba\/en\/wp-json\/wp\/v2\/media\/25000"}],"wp:attachment":[{"href":"https:\/\/cipele.ba\/en\/wp-json\/wp\/v2\/media?parent=25001"}],"wp:term":[{"taxonomy":"product_brand","embeddable":true,"href":"https:\/\/cipele.ba\/en\/wp-json\/wp\/v2\/product_brand?post=25001"},{"taxonomy":"product_cat","embeddable":true,"href":"https:\/\/cipele.ba\/en\/wp-json\/wp\/v2\/product_cat?post=25001"},{"taxonomy":"product_tag","embeddable":true,"href":"https:\/\/cipele.ba\/en\/wp-json\/wp\/v2\/product_tag?post=25001"}],"curies":[{"name":"wp","href":"https:\/\/api.w.org\/{rel}","templated":true}]}}