{"id":25004,"date":"2025-10-13T14:49:10","date_gmt":"2025-10-13T14:49:10","guid":{"rendered":"https:\/\/cipele.ba\/shop\/uncategorized\/the-north-face-fastpack-mid\/"},"modified":"2026-04-18T15:01:28","modified_gmt":"2026-04-18T15:01:28","slug":"the-north-face-fastpack-mid","status":"publish","type":"product","link":"https:\/\/cipele.ba\/en\/shop\/muskarci\/muske-gleznjace\/the-north-face-fastpack-mid\/","title":{"rendered":"The North Face Fastpack Mid"},"content":{"rendered":"<\/p>\n<p> Mu\u0161ke patike za trekking Fastpack FUTURELIGHT\u2122 su lagane patike idealne za intenzivne jednodnevne misije <\/p>\n<p> Ove patike su voodotporne, ali i prozra\u010dne zahvaljuju\u0107i FUTURELIGHT\u2122 membrani. SurfaceCTRL\u2122 gumeno gazi\u0161te omogu\u0107uje odli\u010dno prijanjanje uz svaku podlogu. Gornji dio je napravljen od mre\u017eastih materijala i otporan je na habanje. Geometrija \u0111ona osmi\u0161ljena je tako da stvori pogon naprijed. Visoka elasti\u010dnosti \u0111ona i revolucionarna konstrukcija omogu\u0107i\u0107e vam da izvu\u010dete maksimum iz svakog koraka, a OrthoLite\u00ae tehnologija od koje je izra\u0111en ulo\u017eak odvodi vlagu i znoj. <\/p>\n<p> Specifikacija: <\/p>\n<li> Mu\u0161ke patike za treking <\/li>\n<li> Pertlanje <\/li>\n<li> SurfaceCTRL\u2122 tehnologija <\/li>","protected":false},"excerpt":{"rendered":"<p>Mu\u0161ke patike za trekking Fastpack FUTURELIGHT\u2122 su lagane patike idealne za intenzivne jednodnevne misije Ove patike su voodotporne, ali i prozra\u010dne zahvaljuju\u0107i FUTURELIGHT\u2122 membrani. SurfaceCTRL\u2122 gumeno gazi\u0161te omogu\u0107uje odli\u010dno prijanjanje uz svaku podlogu. Gornji dio je napravljen od mre\u017eastih materijala i otporan je na habanje. Geometrija \u0111ona osmi\u0161ljena je tako da stvori pogon naprijed. Visoka [&hellip;]<\/p>","protected":false},"featured_media":25002,"template":"","meta":{"jetpack_post_was_ever_published":false},"product_brand":[94],"product_cat":[83,68],"product_tag":[],"class_list":{"0":"post-25004","1":"product","2":"type-product","3":"status-publish","4":"has-post-thumbnail","6":"product_brand-sport_vision","7":"product_cat-popusti25","8":"product_cat-muske-gleznjace","10":"first","11":"instock","12":"sale","13":"shipping-taxable","14":"product-type-external"},"jetpack-related-posts":[],"jetpack_sharing_enabled":true,"_links":{"self":[{"href":"https:\/\/cipele.ba\/en\/wp-json\/wp\/v2\/product\/25004","targetHints":{"allow":["GET"]}}],"collection":[{"href":"https:\/\/cipele.ba\/en\/wp-json\/wp\/v2\/product"}],"about":[{"href":"https:\/\/cipele.ba\/en\/wp-json\/wp\/v2\/types\/product"}],"wp:featuredmedia":[{"embeddable":true,"href":"https:\/\/cipele.ba\/en\/wp-json\/wp\/v2\/media\/25002"}],"wp:attachment":[{"href":"https:\/\/cipele.ba\/en\/wp-json\/wp\/v2\/media?parent=25004"}],"wp:term":[{"taxonomy":"product_brand","embeddable":true,"href":"https:\/\/cipele.ba\/en\/wp-json\/wp\/v2\/product_brand?post=25004"},{"taxonomy":"product_cat","embeddable":true,"href":"https:\/\/cipele.ba\/en\/wp-json\/wp\/v2\/product_cat?post=25004"},{"taxonomy":"product_tag","embeddable":true,"href":"https:\/\/cipele.ba\/en\/wp-json\/wp\/v2\/product_tag?post=25004"}],"curies":[{"name":"wp","href":"https:\/\/api.w.org\/{rel}","templated":true}]}}