{"id":25005,"date":"2025-10-13T14:49:10","date_gmt":"2025-10-13T14:49:10","guid":{"rendered":"https:\/\/cipele.ba\/shop\/uncategorized\/the-north-face-vectiv-exploris-2\/"},"modified":"2026-04-18T20:46:14","modified_gmt":"2026-04-18T20:46:14","slug":"the-north-face-vectiv-exploris-2","status":"publish","type":"product","link":"https:\/\/cipele.ba\/en\/shop\/muskarci\/muske-gleznjace\/the-north-face-vectiv-exploris-2\/","title":{"rendered":"The North Face VECTIV\u2122 Exploris 2"},"content":{"rendered":"<\/p>\n<p> THE NORTH FACE VECTIV\u2122 Exploris 2 su mu\u0161ke outdoor patike. <\/p>\n<p> Ovo je model koji je najmekaniji i najstabilniji od svih na\u0161ih patika za planinarenje. Vodootporne, prozra\u010dne i sa dodatnom potporom za gle\u017enjeve, napravljene su za dnevne \u0161etnje ili vi\u0161ednevne planinarske ture. Prozra\u010dna FUTURELIGHT\u2122 membrana spre\u010dava prodor vode, a unapre\u0111ena D-\u0161irina gazi\u0161ta pru\u017ea udobnost i \u0161irokim stopalima. Geometrija srednjeg \u0111ona je osmi\u0161ljena da stvori dugotrajan pogon napred, dok srednji \u0111on napravljen od EVA pene pru\u017ea vrhunsku udobnost. VECTIV 2.0 srednji \u0111on nudi stabilnost va\u0161im prstima i peti, a TPU plo\u010da omogu\u0107ava pove\u0107ano bo\u010dno pomjeranje. Gumeni \u0111on sa kramponima od 4mm \u0107e vas odvesti na najnepristupa\u010dnija mjesta. Ukoliko ste u potrazi za savr\u0161enim planinarskim cipelama, ovo je pravi izbor za vas. <\/p>\n<p> Specifikacija: <\/p>\n<li> Mu\u0161ke patike za planinarenje <\/li>\n<li> Vodootporno gornji\u0161te <\/li>\n<li> Dubok profil <\/li>\n<li> Pertlanje <\/li>\n<li> VECTIV\u2122 tehnologija <\/li>\n<li> EVA pjena u sredjem \u0111onu <\/li>\n<li> FutureLight\u2122 membrana <\/li>\n<li> Gumeni \u0111on <\/li>","protected":false},"excerpt":{"rendered":"<p>THE NORTH FACE VECTIV\u2122 Exploris 2 su mu\u0161ke outdoor patike. Ovo je model koji je najmekaniji i najstabilniji od svih na\u0161ih patika za planinarenje. Vodootporne, prozra\u010dne i sa dodatnom potporom za gle\u017enjeve, napravljene su za dnevne \u0161etnje ili vi\u0161ednevne planinarske ture. Prozra\u010dna FUTURELIGHT\u2122 membrana spre\u010dava prodor vode, a unapre\u0111ena D-\u0161irina gazi\u0161ta pru\u017ea udobnost i \u0161irokim [&hellip;]<\/p>","protected":false},"featured_media":25003,"template":"","meta":{"jetpack_post_was_ever_published":false},"product_brand":[94],"product_cat":[68],"product_tag":[],"class_list":{"0":"post-25005","1":"product","2":"type-product","3":"status-publish","4":"has-post-thumbnail","6":"product_brand-sport_vision","7":"product_cat-muske-gleznjace","9":"first","10":"instock","11":"sale","12":"shipping-taxable","13":"product-type-external"},"jetpack-related-posts":[],"jetpack_sharing_enabled":true,"_links":{"self":[{"href":"https:\/\/cipele.ba\/en\/wp-json\/wp\/v2\/product\/25005","targetHints":{"allow":["GET"]}}],"collection":[{"href":"https:\/\/cipele.ba\/en\/wp-json\/wp\/v2\/product"}],"about":[{"href":"https:\/\/cipele.ba\/en\/wp-json\/wp\/v2\/types\/product"}],"wp:featuredmedia":[{"embeddable":true,"href":"https:\/\/cipele.ba\/en\/wp-json\/wp\/v2\/media\/25003"}],"wp:attachment":[{"href":"https:\/\/cipele.ba\/en\/wp-json\/wp\/v2\/media?parent=25005"}],"wp:term":[{"taxonomy":"product_brand","embeddable":true,"href":"https:\/\/cipele.ba\/en\/wp-json\/wp\/v2\/product_brand?post=25005"},{"taxonomy":"product_cat","embeddable":true,"href":"https:\/\/cipele.ba\/en\/wp-json\/wp\/v2\/product_cat?post=25005"},{"taxonomy":"product_tag","embeddable":true,"href":"https:\/\/cipele.ba\/en\/wp-json\/wp\/v2\/product_tag?post=25005"}],"curies":[{"name":"wp","href":"https:\/\/api.w.org\/{rel}","templated":true}]}}