{"id":25017,"date":"2025-10-13T14:49:16","date_gmt":"2025-10-13T14:49:16","guid":{"rendered":"https:\/\/cipele.ba\/shop\/uncategorized\/slazenger-ryan\/"},"modified":"2026-04-18T18:39:05","modified_gmt":"2026-04-18T18:39:05","slug":"slazenger-ryan","status":"publish","type":"product","link":"https:\/\/cipele.ba\/en\/shop\/muskarci\/muske-gleznjace\/slazenger-ryan\/","title":{"rendered":"Slazenger RYAN"},"content":{"rendered":"<\/p>\n<p> SLAZENGER RYAN mu\u0161ke lifestyle patike se svojim dizajnom uklapaju u va\u0161 stil sportske elegancije. <\/p>\n<p> Poludubok profil modela je idealan za no\u0161enje prilikom hladnijih dana, dok nepromo\u010diva svojstva garantuju udobnost tokom ki\u0161e ili snijega. Zanimljivo pertlanje, karakteristi\u010dno za obu\u0107u za planinarenje, dr\u017ei stopalo sigurnim dok ste u outdoor avanturi. Logo SLAZENGER na jednobojnoj podlozi diskretno isti\u010de brend koji je osvojio va\u0161e srce. Blago uzdignut gumeni \u0111on u obliku klackalice garantuje izdr\u017eljivost i stabilnost dok hodate na suvim ili vla\u017enim terenima razli\u010ditog stepena nagiba. <\/p>\n<p> Specifikacija: <\/p>\n<li> Mu\u0161ke lifestyle patike <\/li>\n<li> Poludubok profil <\/li>\n<li> Vodootporne <\/li>\n<li> Pertlanje <\/li>\n<li> Trakcioni \u0111on <\/li>","protected":false},"excerpt":{"rendered":"<p>SLAZENGER RYAN mu\u0161ke lifestyle patike se svojim dizajnom uklapaju u va\u0161 stil sportske elegancije. Poludubok profil modela je idealan za no\u0161enje prilikom hladnijih dana, dok nepromo\u010diva svojstva garantuju udobnost tokom ki\u0161e ili snijega. Zanimljivo pertlanje, karakteristi\u010dno za obu\u0107u za planinarenje, dr\u017ei stopalo sigurnim dok ste u outdoor avanturi. Logo SLAZENGER na jednobojnoj podlozi diskretno isti\u010de [&hellip;]<\/p>","protected":false},"featured_media":25015,"template":"","meta":{"jetpack_post_was_ever_published":false},"product_brand":[94],"product_cat":[83,68],"product_tag":[],"class_list":{"0":"post-25017","1":"product","2":"type-product","3":"status-publish","4":"has-post-thumbnail","6":"product_brand-sport_vision","7":"product_cat-popusti25","8":"product_cat-muske-gleznjace","10":"first","11":"instock","12":"sale","13":"shipping-taxable","14":"product-type-external"},"jetpack-related-posts":[],"jetpack_sharing_enabled":true,"_links":{"self":[{"href":"https:\/\/cipele.ba\/en\/wp-json\/wp\/v2\/product\/25017","targetHints":{"allow":["GET"]}}],"collection":[{"href":"https:\/\/cipele.ba\/en\/wp-json\/wp\/v2\/product"}],"about":[{"href":"https:\/\/cipele.ba\/en\/wp-json\/wp\/v2\/types\/product"}],"wp:featuredmedia":[{"embeddable":true,"href":"https:\/\/cipele.ba\/en\/wp-json\/wp\/v2\/media\/25015"}],"wp:attachment":[{"href":"https:\/\/cipele.ba\/en\/wp-json\/wp\/v2\/media?parent=25017"}],"wp:term":[{"taxonomy":"product_brand","embeddable":true,"href":"https:\/\/cipele.ba\/en\/wp-json\/wp\/v2\/product_brand?post=25017"},{"taxonomy":"product_cat","embeddable":true,"href":"https:\/\/cipele.ba\/en\/wp-json\/wp\/v2\/product_cat?post=25017"},{"taxonomy":"product_tag","embeddable":true,"href":"https:\/\/cipele.ba\/en\/wp-json\/wp\/v2\/product_tag?post=25017"}],"curies":[{"name":"wp","href":"https:\/\/api.w.org\/{rel}","templated":true}]}}