{"id":25019,"date":"2025-10-13T14:49:18","date_gmt":"2025-10-13T14:49:18","guid":{"rendered":"https:\/\/cipele.ba\/shop\/uncategorized\/helly-hansen-the-forester-2\/"},"modified":"2026-04-19T00:29:02","modified_gmt":"2026-04-19T00:29:02","slug":"helly-hansen-the-forester-2","status":"publish","type":"product","link":"https:\/\/cipele.ba\/en\/shop\/muskarci\/muske-gleznjace\/helly-hansen-the-forester-2\/","title":{"rendered":"Helly Hansen The Forester"},"content":{"rendered":"<p> Vi\u0161enamjenske Helly Hansen THE FORESTER mu\u0161ke outdoor cipele su na\u0161e naprodavanije cipele svih vremena. <\/p>\n<p> Ove cipele kombinuju dobar izgled, za\u0161titnu ko\u017eu i izuzetne karakteristike za planinarenje. I tokom te\u0161ke zime, va\u0161a stopala ostaju suva i topla, pa se mo\u017eete osje\u0107ati i izgledati dobro. Vanvremenski, \u010dist dizajn oboga\u0107en je vodootpornom ko\u017eom, kako biste bili za\u0161ti\u0107eni iz godine u godinu. Lake su za obuvanje i zahvaljuju\u0107i EVA srednjem \u0111onu, udobne. Izuzetno prianjanje trpi te\u0161ke zimske uslove. <\/p>\n<p> Specifikacija: <\/p>\n<li> Dubok profil <\/li>\n<li> Pertlanje <\/li>\n<li> Vodootporno ko\u017eno gornji\u0161te <\/li>\n<li> EVA srednji \u0111on <\/li>\n<li> Gumeni \u0111on <\/li>","protected":false},"excerpt":{"rendered":"<p>Vi\u0161enamjenske Helly Hansen THE FORESTER mu\u0161ke outdoor cipele su na\u0161e naprodavanije cipele svih vremena. Ove cipele kombinuju dobar izgled, za\u0161titnu ko\u017eu i izuzetne karakteristike za planinarenje. I tokom te\u0161ke zime, va\u0161a stopala ostaju suva i topla, pa se mo\u017eete osje\u0107ati i izgledati dobro. Vanvremenski, \u010dist dizajn oboga\u0107en je vodootpornom ko\u017eom, kako biste bili za\u0161ti\u0107eni iz [&hellip;]<\/p>","protected":false},"featured_media":25018,"template":"","meta":{"jetpack_post_was_ever_published":false},"product_brand":[94],"product_cat":[83,68],"product_tag":[],"class_list":{"0":"post-25019","1":"product","2":"type-product","3":"status-publish","4":"has-post-thumbnail","6":"product_brand-sport_vision","7":"product_cat-popusti25","8":"product_cat-muske-gleznjace","10":"first","11":"instock","12":"sale","13":"shipping-taxable","14":"product-type-external"},"jetpack-related-posts":[],"jetpack_sharing_enabled":true,"_links":{"self":[{"href":"https:\/\/cipele.ba\/en\/wp-json\/wp\/v2\/product\/25019","targetHints":{"allow":["GET"]}}],"collection":[{"href":"https:\/\/cipele.ba\/en\/wp-json\/wp\/v2\/product"}],"about":[{"href":"https:\/\/cipele.ba\/en\/wp-json\/wp\/v2\/types\/product"}],"wp:featuredmedia":[{"embeddable":true,"href":"https:\/\/cipele.ba\/en\/wp-json\/wp\/v2\/media\/25018"}],"wp:attachment":[{"href":"https:\/\/cipele.ba\/en\/wp-json\/wp\/v2\/media?parent=25019"}],"wp:term":[{"taxonomy":"product_brand","embeddable":true,"href":"https:\/\/cipele.ba\/en\/wp-json\/wp\/v2\/product_brand?post=25019"},{"taxonomy":"product_cat","embeddable":true,"href":"https:\/\/cipele.ba\/en\/wp-json\/wp\/v2\/product_cat?post=25019"},{"taxonomy":"product_tag","embeddable":true,"href":"https:\/\/cipele.ba\/en\/wp-json\/wp\/v2\/product_tag?post=25019"}],"curies":[{"name":"wp","href":"https:\/\/api.w.org\/{rel}","templated":true}]}}