{"id":25033,"date":"2025-10-13T14:49:26","date_gmt":"2025-10-13T14:49:26","guid":{"rendered":"https:\/\/cipele.ba\/shop\/uncategorized\/timberland-field-trekker-4\/"},"modified":"2026-04-18T14:34:21","modified_gmt":"2026-04-18T14:34:21","slug":"timberland-field-trekker-4","status":"publish","type":"product","link":"https:\/\/cipele.ba\/en\/shop\/muskarci\/muske-gleznjace\/timberland-field-trekker-4\/","title":{"rendered":"Timberland Field Trekker"},"content":{"rendered":"<\/p>\n<p> Timberland Field Trekker su mu\u0161ke patike dizajnirane za udobnost i izdr\u017eljivost, savr\u0161ene kako za avanture na otvorenom, tako i za svakodnevno no\u0161enje. <\/p>\n<\/p>\n<p> <b> Detalji <\/b> <\/p>\n<li>Gornji\u0161te od vrhunske ko\u017ee i tkanine za izdr\u017eljiv i moderan izgled <\/li>\n<li>OrthoLite\u00ae ulo\u017eak pove\u0107ava udobnost <\/li>\n<li>Srednji \u0111on je napravljen od EVA pjene<\/li>\n<li>Gumeni spoljni \u0111on <\/li>\n<li>Timberland brend za prepoznatljiv izgled <\/li>","protected":false},"excerpt":{"rendered":"<p>Timberland Field Trekker su mu\u0161ke patike dizajnirane za udobnost i izdr\u017eljivost, savr\u0161ene kako za avanture na otvorenom, tako i za svakodnevno no\u0161enje. Detalji Gornji\u0161te od vrhunske ko\u017ee i tkanine za izdr\u017eljiv i moderan izgled OrthoLite\u00ae ulo\u017eak pove\u0107ava udobnost Srednji \u0111on je napravljen od EVA pjene Gumeni spoljni \u0111on Timberland brend za prepoznatljiv izgled<\/p>","protected":false},"featured_media":25030,"template":"","meta":{"jetpack_post_was_ever_published":false},"product_brand":[94],"product_cat":[83,68],"product_tag":[],"class_list":{"0":"post-25033","1":"product","2":"type-product","3":"status-publish","4":"has-post-thumbnail","6":"product_brand-sport_vision","7":"product_cat-popusti25","8":"product_cat-muske-gleznjace","10":"first","11":"instock","12":"sale","13":"shipping-taxable","14":"product-type-external"},"jetpack-related-posts":[],"jetpack_sharing_enabled":true,"_links":{"self":[{"href":"https:\/\/cipele.ba\/en\/wp-json\/wp\/v2\/product\/25033","targetHints":{"allow":["GET"]}}],"collection":[{"href":"https:\/\/cipele.ba\/en\/wp-json\/wp\/v2\/product"}],"about":[{"href":"https:\/\/cipele.ba\/en\/wp-json\/wp\/v2\/types\/product"}],"wp:featuredmedia":[{"embeddable":true,"href":"https:\/\/cipele.ba\/en\/wp-json\/wp\/v2\/media\/25030"}],"wp:attachment":[{"href":"https:\/\/cipele.ba\/en\/wp-json\/wp\/v2\/media?parent=25033"}],"wp:term":[{"taxonomy":"product_brand","embeddable":true,"href":"https:\/\/cipele.ba\/en\/wp-json\/wp\/v2\/product_brand?post=25033"},{"taxonomy":"product_cat","embeddable":true,"href":"https:\/\/cipele.ba\/en\/wp-json\/wp\/v2\/product_cat?post=25033"},{"taxonomy":"product_tag","embeddable":true,"href":"https:\/\/cipele.ba\/en\/wp-json\/wp\/v2\/product_tag?post=25033"}],"curies":[{"name":"wp","href":"https:\/\/api.w.org\/{rel}","templated":true}]}}