{"id":25045,"date":"2025-10-13T14:49:33","date_gmt":"2025-10-13T14:49:33","guid":{"rendered":"https:\/\/cipele.ba\/shop\/uncategorized\/ellesse-swill\/"},"modified":"2026-04-21T16:54:12","modified_gmt":"2026-04-21T16:54:12","slug":"ellesse-swill","status":"publish","type":"product","link":"https:\/\/cipele.ba\/en\/shop\/muskarci\/muske-gleznjace\/ellesse-swill\/","title":{"rendered":"Ellesse Swill"},"content":{"rendered":"<p>Izgledajte dobro i kada se temperature spuste, u Ellesse Swill mu\u0161kim lifestyle cipelama.<\/p>\n<p>Gornji\u0161te od kombinacije vje\u0161ta\u010dke ko\u017ee i antilopa je dugotrajno i lako se odr\u017eava, pa su ove cipele idealne za svaki dan. Srednji \u0111on od Phylon pjene pru\u017ea fleksibilnost, dok duboki \u017elebovi u gumenom \u0111onu omogu\u0107avaju odli\u010dno prianjanje na razli\u010ditim terenima.<\/p>\n<p>Poludubok profil daje dodatnu toplinu i za\u0161titu a jednostavan dizajn da\u0107e notu klasike svakoj odjevnoj kombinaciji.<\/p>\n<p>Specifikacija:<\/p>\n<ul>\n<li>Poludubok profil<\/li>\n<li>Pertlanje<\/li>\n<li>Gornji\u0161te od kombinacije vje\u0161ta\u010dke ko\u017ee i antilopa<\/li>\n<li>Srednji \u0111on od Phylon pjene<\/li>\n<li>Gumeni \u0111on<\/li>\n<\/ul>","protected":false},"excerpt":{"rendered":"<p>Izgledajte dobro i kada se temperature spuste, u Ellesse Swill mu\u0161kim lifestyle cipelama. Gornji\u0161te od kombinacije vje\u0161ta\u010dke ko\u017ee i antilopa je dugotrajno i lako se odr\u017eava, pa su ove cipele idealne za svaki dan. Srednji \u0111on od Phylon pjene pru\u017ea fleksibilnost, dok duboki \u017elebovi u gumenom \u0111onu omogu\u0107avaju odli\u010dno prianjanje na razli\u010ditim terenima. Poludubok profil [&hellip;]<\/p>","protected":false},"featured_media":25044,"template":"","meta":{"jetpack_post_was_ever_published":false},"product_brand":[94],"product_cat":[83,68],"product_tag":[],"class_list":{"0":"post-25045","1":"product","2":"type-product","3":"status-publish","4":"has-post-thumbnail","6":"product_brand-sport_vision","7":"product_cat-popusti25","8":"product_cat-muske-gleznjace","10":"first","11":"instock","12":"sale","13":"shipping-taxable","14":"product-type-external"},"jetpack-related-posts":[],"jetpack_sharing_enabled":true,"_links":{"self":[{"href":"https:\/\/cipele.ba\/en\/wp-json\/wp\/v2\/product\/25045","targetHints":{"allow":["GET"]}}],"collection":[{"href":"https:\/\/cipele.ba\/en\/wp-json\/wp\/v2\/product"}],"about":[{"href":"https:\/\/cipele.ba\/en\/wp-json\/wp\/v2\/types\/product"}],"wp:featuredmedia":[{"embeddable":true,"href":"https:\/\/cipele.ba\/en\/wp-json\/wp\/v2\/media\/25044"}],"wp:attachment":[{"href":"https:\/\/cipele.ba\/en\/wp-json\/wp\/v2\/media?parent=25045"}],"wp:term":[{"taxonomy":"product_brand","embeddable":true,"href":"https:\/\/cipele.ba\/en\/wp-json\/wp\/v2\/product_brand?post=25045"},{"taxonomy":"product_cat","embeddable":true,"href":"https:\/\/cipele.ba\/en\/wp-json\/wp\/v2\/product_cat?post=25045"},{"taxonomy":"product_tag","embeddable":true,"href":"https:\/\/cipele.ba\/en\/wp-json\/wp\/v2\/product_tag?post=25045"}],"curies":[{"name":"wp","href":"https:\/\/api.w.org\/{rel}","templated":true}]}}