{"id":25066,"date":"2025-10-13T14:49:45","date_gmt":"2025-10-13T14:49:45","guid":{"rendered":"https:\/\/cipele.ba\/shop\/uncategorized\/helly-hansen-cascade-2\/"},"modified":"2026-04-19T08:26:12","modified_gmt":"2026-04-19T08:26:12","slug":"helly-hansen-cascade-2","status":"publish","type":"product","link":"https:\/\/cipele.ba\/en\/shop\/muskarci\/muske-gleznjace\/helly-hansen-cascade-2\/","title":{"rendered":"Helly Hansen Cascade"},"content":{"rendered":"<\/p>\n<p> HELLY HANSEN CASCADE su mu\u0161ke planinarske cipele koje privla\u010de pa\u017enju. <\/p>\n<p> Idealan su izbor za sve koji vole jednostavan sportski stil. Svojim dizajnom garantuju udobnost i lako\u0107u kretanja. Idealne cipele za brzo planinarenje sa laganim rancem. One su vodootporne zahvaljujuc\u0301i dokazanoj HELLY TECH\u00ae membrani. HH\u00ae Max Comfort ulo\u017eak i HH\u00ae Power Stride tehnologija srednjeg potplata obezbe\u0111uju amortizaciju na tvrdim povr\u0161inama i udobno prianjanje uz stopalo. Potplat je opremljen vi\u0161esmjernim HH\u00ae surround-Grip gazec\u0301im slojem, tako da mo\u017eete samouvjereno hodati po \u0161ljunkovitim i neravnim \u0161umskim stazama.<\/p>\n<p> Specifikacija: <\/p>\n<li> Mu\u0161ke planinarske cipele <\/li>\n<li> HELLY TECH\u00ae membrana <\/li>\n<li> Pertlanje <\/li>\n<li>HH\u00ae Power Stride tehnologija<\/li>\n<li>HH\u00ae Max Comfort ulo\u017eak <\/li>\n<li>Poluduboki profil<\/li>\n<li>Jezi\u010dak za petu<\/li>\n<li> HH\u00ae surround-Grip gaze\u0107i sloj <\/li>","protected":false},"excerpt":{"rendered":"<p>HELLY HANSEN CASCADE su mu\u0161ke planinarske cipele koje privla\u010de pa\u017enju. Idealan su izbor za sve koji vole jednostavan sportski stil. Svojim dizajnom garantuju udobnost i lako\u0107u kretanja. Idealne cipele za brzo planinarenje sa laganim rancem. One su vodootporne zahvaljujuc\u0301i dokazanoj HELLY TECH\u00ae membrani. HH\u00ae Max Comfort ulo\u017eak i HH\u00ae Power Stride tehnologija srednjeg potplata obezbe\u0111uju [&hellip;]<\/p>","protected":false},"featured_media":25064,"template":"","meta":{"jetpack_post_was_ever_published":false},"product_brand":[94],"product_cat":[83,68],"product_tag":[],"class_list":{"0":"post-25066","1":"product","2":"type-product","3":"status-publish","4":"has-post-thumbnail","6":"product_brand-sport_vision","7":"product_cat-popusti25","8":"product_cat-muske-gleznjace","10":"first","11":"instock","12":"sale","13":"shipping-taxable","14":"product-type-external"},"jetpack-related-posts":[],"jetpack_sharing_enabled":true,"_links":{"self":[{"href":"https:\/\/cipele.ba\/en\/wp-json\/wp\/v2\/product\/25066","targetHints":{"allow":["GET"]}}],"collection":[{"href":"https:\/\/cipele.ba\/en\/wp-json\/wp\/v2\/product"}],"about":[{"href":"https:\/\/cipele.ba\/en\/wp-json\/wp\/v2\/types\/product"}],"wp:featuredmedia":[{"embeddable":true,"href":"https:\/\/cipele.ba\/en\/wp-json\/wp\/v2\/media\/25064"}],"wp:attachment":[{"href":"https:\/\/cipele.ba\/en\/wp-json\/wp\/v2\/media?parent=25066"}],"wp:term":[{"taxonomy":"product_brand","embeddable":true,"href":"https:\/\/cipele.ba\/en\/wp-json\/wp\/v2\/product_brand?post=25066"},{"taxonomy":"product_cat","embeddable":true,"href":"https:\/\/cipele.ba\/en\/wp-json\/wp\/v2\/product_cat?post=25066"},{"taxonomy":"product_tag","embeddable":true,"href":"https:\/\/cipele.ba\/en\/wp-json\/wp\/v2\/product_tag?post=25066"}],"curies":[{"name":"wp","href":"https:\/\/api.w.org\/{rel}","templated":true}]}}