{"id":25075,"date":"2025-10-13T14:49:49","date_gmt":"2025-10-13T14:49:49","guid":{"rendered":"https:\/\/cipele.ba\/shop\/uncategorized\/kander-batura\/"},"modified":"2026-04-21T09:22:58","modified_gmt":"2026-04-21T09:22:58","slug":"kander-batura","status":"publish","type":"product","link":"https:\/\/cipele.ba\/en\/shop\/muskarci\/muske-gleznjace\/kander-batura\/","title":{"rendered":"Kander Batura"},"content":{"rendered":"<\/p>\n<p> KANDER BATURA su mu\u0161ke outdoor poluduboke \u010dizme, idealne za prohladne i hladne zimske dane. <\/p>\n<p> Bilo da ste na planini ili samo \u0161etate gradskim ulicama po snijegu, ove \u010dizme \u0107e biti va\u0161 najbolji saveznik u hladnim danima. Napravljene od vodootpornih i izdr\u017eljivih materijala, sa tekstilnom postavom tako da \u0107e va\u0161a stopala ostati suva i topla. Udoban i mekan srednji \u0111on obezbje\u0111uje odli\u010dnu amortizaciju i daje povrat energije u va\u0161a stopala. \u010cizme su polu dubokog profila sa klasi\u010dnim pertlanjem. Gumeni \u0111on obezbje\u0111uje odli\u010dno prianjanje i daje sigurnost va\u0161em koraku. <\/p>\n<p> Specifikacija: <\/p>\n<li> Mu\u0161ke outdoor \u010dizme <\/li>\n<li> Poludubok profil <\/li>\n<li> Pertlanje <\/li>\n<li> Gumeni \u0111on <\/li>","protected":false},"excerpt":{"rendered":"<p>KANDER BATURA su mu\u0161ke outdoor poluduboke \u010dizme, idealne za prohladne i hladne zimske dane. Bilo da ste na planini ili samo \u0161etate gradskim ulicama po snijegu, ove \u010dizme \u0107e biti va\u0161 najbolji saveznik u hladnim danima. Napravljene od vodootpornih i izdr\u017eljivih materijala, sa tekstilnom postavom tako da \u0107e va\u0161a stopala ostati suva i topla. Udoban [&hellip;]<\/p>","protected":false},"featured_media":25073,"template":"","meta":{"jetpack_post_was_ever_published":false},"product_brand":[94],"product_cat":[83,68],"product_tag":[],"class_list":{"0":"post-25075","1":"product","2":"type-product","3":"status-publish","4":"has-post-thumbnail","6":"product_brand-sport_vision","7":"product_cat-popusti25","8":"product_cat-muske-gleznjace","10":"first","11":"instock","12":"sale","13":"shipping-taxable","14":"product-type-external"},"jetpack-related-posts":[],"jetpack_sharing_enabled":true,"_links":{"self":[{"href":"https:\/\/cipele.ba\/en\/wp-json\/wp\/v2\/product\/25075","targetHints":{"allow":["GET"]}}],"collection":[{"href":"https:\/\/cipele.ba\/en\/wp-json\/wp\/v2\/product"}],"about":[{"href":"https:\/\/cipele.ba\/en\/wp-json\/wp\/v2\/types\/product"}],"wp:featuredmedia":[{"embeddable":true,"href":"https:\/\/cipele.ba\/en\/wp-json\/wp\/v2\/media\/25073"}],"wp:attachment":[{"href":"https:\/\/cipele.ba\/en\/wp-json\/wp\/v2\/media?parent=25075"}],"wp:term":[{"taxonomy":"product_brand","embeddable":true,"href":"https:\/\/cipele.ba\/en\/wp-json\/wp\/v2\/product_brand?post=25075"},{"taxonomy":"product_cat","embeddable":true,"href":"https:\/\/cipele.ba\/en\/wp-json\/wp\/v2\/product_cat?post=25075"},{"taxonomy":"product_tag","embeddable":true,"href":"https:\/\/cipele.ba\/en\/wp-json\/wp\/v2\/product_tag?post=25075"}],"curies":[{"name":"wp","href":"https:\/\/api.w.org\/{rel}","templated":true}]}}