{"id":25090,"date":"2025-10-13T14:49:58","date_gmt":"2025-10-13T14:49:58","guid":{"rendered":"https:\/\/cipele.ba\/shop\/uncategorized\/helly-hansen-cascade-helly-tech\/"},"modified":"2026-04-21T18:27:59","modified_gmt":"2026-04-21T18:27:59","slug":"helly-hansen-cascade-helly-tech","status":"publish","type":"product","link":"https:\/\/cipele.ba\/en\/shop\/muskarci\/muske-gleznjace\/helly-hansen-cascade-helly-tech\/","title":{"rendered":"Helly Hansen Cascade Helly Tech\u00ae"},"content":{"rendered":"<\/p>\n<p> Helly Hansen CASCADE MID HELLY TECH\u00ae su stabilne, lagane i udobne mu\u0161ke cipele za planinarenje. <\/p>\n<p> Potpuno vodootporne, sa na\u0161om HELLY TECH\u00ae membranom, ove cipele se mogu pohvaliti sa stabilizuju\u0107im i za\u0161titnim HH\u00ae Pro-Guard slojevima u predjelu prstiju i pete. Udobnost i komfor pru\u017eaju HH\u00ae Max Comfort ulo\u017eak i HH\u00ae Power Stride srednji \u0111on. HH\u00ae Surround-Grip \u0111on ima vi\u0161esmjerni sistem vu\u010de dok \u0107e na\u0161a testirana i isprobana HH\u00ae Max-Grip Rubber mje\u0161avina zadr\u017eati sigurnost na svim terenima i u svim uslovima. <\/p>\n<p> Specifikacija: <\/p>\n<li> Dubok profil <\/li>\n<li> Pertlanje <\/li>\n<li> Tekstilno gornji\u0161te sa vodootpornom HELLY TECH\u00ae membranom <\/li>\n<li> HH\u00ae Pro-Guard slojevi u predjelu prstiju i pete <\/li>\n<li> HH\u00ae Max Comfort ulo\u017eak <\/li>\n<li> Pjenasti, gumeni HH\u00ae Power Stride srednji \u0111on <\/li>\n<li> HH\u00ae Surround-Grip \u0111on <\/li>\n<li> HH\u00ae Max-Grip Rubber mje\u0161avina <\/li>","protected":false},"excerpt":{"rendered":"<p>Helly Hansen CASCADE MID HELLY TECH\u00ae su stabilne, lagane i udobne mu\u0161ke cipele za planinarenje. Potpuno vodootporne, sa na\u0161om HELLY TECH\u00ae membranom, ove cipele se mogu pohvaliti sa stabilizuju\u0107im i za\u0161titnim HH\u00ae Pro-Guard slojevima u predjelu prstiju i pete. Udobnost i komfor pru\u017eaju HH\u00ae Max Comfort ulo\u017eak i HH\u00ae Power Stride srednji \u0111on. HH\u00ae Surround-Grip [&hellip;]<\/p>","protected":false},"featured_media":25088,"template":"","meta":{"jetpack_post_was_ever_published":false},"product_brand":[94],"product_cat":[68],"product_tag":[],"class_list":{"0":"post-25090","1":"product","2":"type-product","3":"status-publish","4":"has-post-thumbnail","6":"product_brand-sport_vision","7":"product_cat-muske-gleznjace","9":"first","10":"instock","11":"sale","12":"shipping-taxable","13":"product-type-external"},"jetpack-related-posts":[],"jetpack_sharing_enabled":true,"_links":{"self":[{"href":"https:\/\/cipele.ba\/en\/wp-json\/wp\/v2\/product\/25090","targetHints":{"allow":["GET"]}}],"collection":[{"href":"https:\/\/cipele.ba\/en\/wp-json\/wp\/v2\/product"}],"about":[{"href":"https:\/\/cipele.ba\/en\/wp-json\/wp\/v2\/types\/product"}],"wp:featuredmedia":[{"embeddable":true,"href":"https:\/\/cipele.ba\/en\/wp-json\/wp\/v2\/media\/25088"}],"wp:attachment":[{"href":"https:\/\/cipele.ba\/en\/wp-json\/wp\/v2\/media?parent=25090"}],"wp:term":[{"taxonomy":"product_brand","embeddable":true,"href":"https:\/\/cipele.ba\/en\/wp-json\/wp\/v2\/product_brand?post=25090"},{"taxonomy":"product_cat","embeddable":true,"href":"https:\/\/cipele.ba\/en\/wp-json\/wp\/v2\/product_cat?post=25090"},{"taxonomy":"product_tag","embeddable":true,"href":"https:\/\/cipele.ba\/en\/wp-json\/wp\/v2\/product_tag?post=25090"}],"curies":[{"name":"wp","href":"https:\/\/api.w.org\/{rel}","templated":true}]}}