{"id":25172,"date":"2025-10-13T14:56:22","date_gmt":"2025-10-13T14:56:22","guid":{"rendered":"https:\/\/cipele.ba\/shop\/uncategorized\/tamaris-zenska-cizma-19zgl18722\/"},"modified":"2026-04-18T18:32:34","modified_gmt":"2026-04-18T18:32:34","slug":"tamaris-zenska-cizma-19zgl18722","status":"publish","type":"product","link":"https:\/\/cipele.ba\/en\/shop\/zene\/zenske-cizme\/tamaris-zenska-cizma-19zgl18722\/","title":{"rendered":"Tamaris \u017denska \u010dizma 19ZGL18722"},"content":{"rendered":"<div>\n<p>Tamaris je u vlasni\u0161tvu Wortmann Group, njema\u010dke kompanije za proizvodnju cipela. Vi\u0161e od pola vijeka, strast prema cipelama \u010dine trenutak savr\u0161enim &#8211; za svakoga! Od crvenog tepiha do \u0161umske staze, za svaki dan i posebne dane: Moderne i stilski osvije\u0161tene \u017eene prona\u0107i \u0107e izuzetan raspon modela sa posebnim karakteristikama u svim na\u0161im kolekcijama.<\/p>\n<ul>\n<li><strong>Lice:<\/strong> Tekstil\/Umjetni<\/li>\n<li><strong>Podstava:<\/strong> Tekstil\/Umjetni<\/li>\n<li><strong>\u0110on:<\/strong> Umjetni<\/li>\n<li><strong>Namjena:<\/strong> Suho vrijeme<\/li>\n<\/ul><\/div>","protected":false},"excerpt":{"rendered":"<p>Tamaris je u vlasni\u0161tvu Wortmann Group, njema\u010dke kompanije za proizvodnju cipela. Vi\u0161e od pola vijeka, strast prema cipelama \u010dine trenutak savr\u0161enim &#8211; za svakoga! Od crvenog tepiha do \u0161umske staze, za svaki dan i posebne dane: Moderne i stilski osvije\u0161tene \u017eene prona\u0107i \u0107e izuzetan raspon modela sa posebnim karakteristikama u svim na\u0161im kolekcijama. Lice: Tekstil\/Umjetni [&hellip;]<\/p>","protected":false},"featured_media":25171,"template":"","meta":{"jetpack_post_was_ever_published":false},"product_brand":[86],"product_cat":[81],"product_tag":[],"class_list":{"0":"post-25172","1":"product","2":"type-product","3":"status-publish","4":"has-post-thumbnail","6":"product_brand-planika","7":"product_cat-zenske-cizme","9":"first","10":"instock","11":"shipping-taxable","12":"product-type-external"},"jetpack-related-posts":[],"jetpack_sharing_enabled":true,"_links":{"self":[{"href":"https:\/\/cipele.ba\/en\/wp-json\/wp\/v2\/product\/25172","targetHints":{"allow":["GET"]}}],"collection":[{"href":"https:\/\/cipele.ba\/en\/wp-json\/wp\/v2\/product"}],"about":[{"href":"https:\/\/cipele.ba\/en\/wp-json\/wp\/v2\/types\/product"}],"wp:featuredmedia":[{"embeddable":true,"href":"https:\/\/cipele.ba\/en\/wp-json\/wp\/v2\/media\/25171"}],"wp:attachment":[{"href":"https:\/\/cipele.ba\/en\/wp-json\/wp\/v2\/media?parent=25172"}],"wp:term":[{"taxonomy":"product_brand","embeddable":true,"href":"https:\/\/cipele.ba\/en\/wp-json\/wp\/v2\/product_brand?post=25172"},{"taxonomy":"product_cat","embeddable":true,"href":"https:\/\/cipele.ba\/en\/wp-json\/wp\/v2\/product_cat?post=25172"},{"taxonomy":"product_tag","embeddable":true,"href":"https:\/\/cipele.ba\/en\/wp-json\/wp\/v2\/product_tag?post=25172"}],"curies":[{"name":"wp","href":"https:\/\/api.w.org\/{rel}","templated":true}]}}