{"id":25518,"date":"2025-10-13T21:45:18","date_gmt":"2025-10-13T21:45:18","guid":{"rendered":"https:\/\/cipele.ba\/shop\/uncategorized\/adidas-terrex-ax4r\/"},"modified":"2026-04-18T09:19:39","modified_gmt":"2026-04-18T09:19:39","slug":"adidas-terrex-ax4r","status":"publish","type":"product","link":"https:\/\/cipele.ba\/en\/shop\/djeca\/djecije-cizme\/adidas-terrex-ax4r\/","title":{"rendered":"adidas Terrex AX4R"},"content":{"rendered":"<\/p>\n<p> Odr\u017eite va\u0161eg mladog avanturistu toplim i suvim uz ove dje\u010dije adidas cipele za planinarenje, koje sadr\u017ee naprednu CLIMAWARM+ izolaciju, vodootpornu prozra\u010dnost, PrimaLoft\u00ae toplinu i \u0111on s dobrim prijanjanjem za samouvjereno istra\u017eivanje. <\/p>\n<\/p>\n<p> <b> Detalji <\/b> <\/p>\n<li> Regularan kroj <\/li>\n<li> Vezanje <\/li>\n<li> Gornji\u0161te od tekstila sa sinteti\u010dkim prekriva\u010dima <\/li>\n<li> Tekstilna postava <\/li>\n<li> CLIMAWARM+ napredna izolacija pru\u017ea superiorno in\u017eenjerstvo s naprednim materijalima koji se spajaju za toplu, suvu i fokusiranu izvedbu. Izolacijski materijali zadr\u017eavaju toplinu za optimalnu tjelesnu temperaturu <\/li>\n<li> PrimaLoft\u00ae izolacija zadr\u017eava toplinu i osloba\u0111a znoj za toplu, suvu i fokusiranu izvedbu <\/li>","protected":false},"excerpt":{"rendered":"<p>Odr\u017eite va\u0161eg mladog avanturistu toplim i suvim uz ove dje\u010dije adidas cipele za planinarenje, koje sadr\u017ee naprednu CLIMAWARM+ izolaciju, vodootpornu prozra\u010dnost, PrimaLoft\u00ae toplinu i \u0111on s dobrim prijanjanjem za samouvjereno istra\u017eivanje. Detalji Regularan kroj Vezanje Gornji\u0161te od tekstila sa sinteti\u010dkim prekriva\u010dima Tekstilna postava CLIMAWARM+ napredna izolacija pru\u017ea superiorno in\u017eenjerstvo s naprednim materijalima koji se spajaju [&hellip;]<\/p>","protected":false},"featured_media":25516,"template":"","meta":{"jetpack_post_was_ever_published":false},"product_brand":[94],"product_cat":[60],"product_tag":[],"class_list":{"0":"post-25518","1":"product","2":"type-product","3":"status-publish","4":"has-post-thumbnail","6":"product_brand-sport_vision","7":"product_cat-djecije-cizme","9":"first","10":"instock","11":"sale","12":"shipping-taxable","13":"product-type-external"},"jetpack-related-posts":[],"jetpack_sharing_enabled":true,"_links":{"self":[{"href":"https:\/\/cipele.ba\/en\/wp-json\/wp\/v2\/product\/25518","targetHints":{"allow":["GET"]}}],"collection":[{"href":"https:\/\/cipele.ba\/en\/wp-json\/wp\/v2\/product"}],"about":[{"href":"https:\/\/cipele.ba\/en\/wp-json\/wp\/v2\/types\/product"}],"wp:featuredmedia":[{"embeddable":true,"href":"https:\/\/cipele.ba\/en\/wp-json\/wp\/v2\/media\/25516"}],"wp:attachment":[{"href":"https:\/\/cipele.ba\/en\/wp-json\/wp\/v2\/media?parent=25518"}],"wp:term":[{"taxonomy":"product_brand","embeddable":true,"href":"https:\/\/cipele.ba\/en\/wp-json\/wp\/v2\/product_brand?post=25518"},{"taxonomy":"product_cat","embeddable":true,"href":"https:\/\/cipele.ba\/en\/wp-json\/wp\/v2\/product_cat?post=25518"},{"taxonomy":"product_tag","embeddable":true,"href":"https:\/\/cipele.ba\/en\/wp-json\/wp\/v2\/product_tag?post=25518"}],"curies":[{"name":"wp","href":"https:\/\/api.w.org\/{rel}","templated":true}]}}