{"id":25521,"date":"2025-10-13T21:45:19","date_gmt":"2025-10-13T21:45:19","guid":{"rendered":"https:\/\/cipele.ba\/shop\/uncategorized\/kander-vinson\/"},"modified":"2026-04-19T16:53:04","modified_gmt":"2026-04-19T16:53:04","slug":"kander-vinson","status":"publish","type":"product","link":"https:\/\/cipele.ba\/en\/shop\/djeca\/djecije-cizme\/kander-vinson\/","title":{"rendered":"Kander Vinson"},"content":{"rendered":"<\/p>\n<p> Kander Vinson \u010dizme za bebe djevoj\u010dice posebno su dizajnirane da stopala va\u0161ih mali\u0161ana ostanu topla i suva i da se osje\u0107aju prijatno tokom avantura po hladnom vremenu. <\/p>\n<\/p>\n<p> <b>Detalji<\/b> <\/p>\n<li> Izolovana postava pru\u017ea toplotu i udobnost tokom hladnijih mjeseci <\/li>\n<li> Sa dvije \u010di\u010dak-trake za brzo i \u010dvrsto prianjanje, \u0161to olak\u0161ava obuvanje i izuvanje <\/li>\n<li> Dizajnirane sa \u010dvrstim \u0111onom koji garantuje dobru trakciju, pogodnim za razli\u010dite povr\u0161ine <\/li>\n<li> Utisnuti Kander logotip, koji odra\u017eava posve\u0107enost ovog brenda kvalitetu <\/li>","protected":false},"excerpt":{"rendered":"<p>Kander Vinson \u010dizme za bebe djevoj\u010dice posebno su dizajnirane da stopala va\u0161ih mali\u0161ana ostanu topla i suva i da se osje\u0107aju prijatno tokom avantura po hladnom vremenu. Detalji Izolovana postava pru\u017ea toplotu i udobnost tokom hladnijih mjeseci Sa dvije \u010di\u010dak-trake za brzo i \u010dvrsto prianjanje, \u0161to olak\u0161ava obuvanje i izuvanje Dizajnirane sa \u010dvrstim \u0111onom koji [&hellip;]<\/p>","protected":false},"featured_media":25520,"template":"","meta":{"jetpack_post_was_ever_published":false},"product_brand":[94],"product_cat":[60],"product_tag":[],"class_list":{"0":"post-25521","1":"product","2":"type-product","3":"status-publish","4":"has-post-thumbnail","6":"product_brand-sport_vision","7":"product_cat-djecije-cizme","9":"first","10":"instock","11":"sale","12":"shipping-taxable","13":"product-type-external"},"jetpack-related-posts":[],"jetpack_sharing_enabled":true,"_links":{"self":[{"href":"https:\/\/cipele.ba\/en\/wp-json\/wp\/v2\/product\/25521","targetHints":{"allow":["GET"]}}],"collection":[{"href":"https:\/\/cipele.ba\/en\/wp-json\/wp\/v2\/product"}],"about":[{"href":"https:\/\/cipele.ba\/en\/wp-json\/wp\/v2\/types\/product"}],"wp:featuredmedia":[{"embeddable":true,"href":"https:\/\/cipele.ba\/en\/wp-json\/wp\/v2\/media\/25520"}],"wp:attachment":[{"href":"https:\/\/cipele.ba\/en\/wp-json\/wp\/v2\/media?parent=25521"}],"wp:term":[{"taxonomy":"product_brand","embeddable":true,"href":"https:\/\/cipele.ba\/en\/wp-json\/wp\/v2\/product_brand?post=25521"},{"taxonomy":"product_cat","embeddable":true,"href":"https:\/\/cipele.ba\/en\/wp-json\/wp\/v2\/product_cat?post=25521"},{"taxonomy":"product_tag","embeddable":true,"href":"https:\/\/cipele.ba\/en\/wp-json\/wp\/v2\/product_tag?post=25521"}],"curies":[{"name":"wp","href":"https:\/\/api.w.org\/{rel}","templated":true}]}}