{"id":25537,"date":"2025-10-13T21:45:28","date_gmt":"2025-10-13T21:45:28","guid":{"rendered":"https:\/\/cipele.ba\/shop\/uncategorized\/kander-tumba-2\/"},"modified":"2026-04-21T23:33:54","modified_gmt":"2026-04-21T23:33:54","slug":"kander-tumba-2","status":"publish","type":"product","link":"https:\/\/cipele.ba\/en\/shop\/djeca\/djecije-cizme\/kander-tumba-2\/","title":{"rendered":"Kander Tumba"},"content":{"rendered":"<\/p>\n<p> Kander Tumba outdoor patike za de\u010dake dizajnirane su za spoj izdr\u017eljivosti i udobnosti tokom svakodnevnih avantura. <\/p>\n<\/p>\n<p> <b> Detalji <\/b> <\/p>\n<li> Moderan vodootporni dizajn odr\u017eava stopala suvim i za\u0161ti\u0107enim u vla\u017enim uslovima <\/li>\n<li> Sistem brzog pertlanja elasti\u010dnim pertlama omogu\u0107ava \u010dvrsto i prilago\u0111eno prianjanje <\/li>\n<li> Izdr\u017eljivi gumeni spoljni \u0111on pru\u017ea dugotrajnu trakciju na razli\u010ditim povr\u0161inama <\/li>","protected":false},"excerpt":{"rendered":"<p>Kander Tumba outdoor patike za de\u010dake dizajnirane su za spoj izdr\u017eljivosti i udobnosti tokom svakodnevnih avantura. Detalji Moderan vodootporni dizajn odr\u017eava stopala suvim i za\u0161ti\u0107enim u vla\u017enim uslovima Sistem brzog pertlanja elasti\u010dnim pertlama omogu\u0107ava \u010dvrsto i prilago\u0111eno prianjanje Izdr\u017eljivi gumeni spoljni \u0111on pru\u017ea dugotrajnu trakciju na razli\u010ditim povr\u0161inama<\/p>","protected":false},"featured_media":25535,"template":"","meta":{"jetpack_post_was_ever_published":false},"product_brand":[94],"product_cat":[60],"product_tag":[],"class_list":{"0":"post-25537","1":"product","2":"type-product","3":"status-publish","4":"has-post-thumbnail","6":"product_brand-sport_vision","7":"product_cat-djecije-cizme","9":"first","10":"instock","11":"sale","12":"shipping-taxable","13":"product-type-external"},"jetpack-related-posts":[],"jetpack_sharing_enabled":true,"_links":{"self":[{"href":"https:\/\/cipele.ba\/en\/wp-json\/wp\/v2\/product\/25537","targetHints":{"allow":["GET"]}}],"collection":[{"href":"https:\/\/cipele.ba\/en\/wp-json\/wp\/v2\/product"}],"about":[{"href":"https:\/\/cipele.ba\/en\/wp-json\/wp\/v2\/types\/product"}],"wp:featuredmedia":[{"embeddable":true,"href":"https:\/\/cipele.ba\/en\/wp-json\/wp\/v2\/media\/25535"}],"wp:attachment":[{"href":"https:\/\/cipele.ba\/en\/wp-json\/wp\/v2\/media?parent=25537"}],"wp:term":[{"taxonomy":"product_brand","embeddable":true,"href":"https:\/\/cipele.ba\/en\/wp-json\/wp\/v2\/product_brand?post=25537"},{"taxonomy":"product_cat","embeddable":true,"href":"https:\/\/cipele.ba\/en\/wp-json\/wp\/v2\/product_cat?post=25537"},{"taxonomy":"product_tag","embeddable":true,"href":"https:\/\/cipele.ba\/en\/wp-json\/wp\/v2\/product_tag?post=25537"}],"curies":[{"name":"wp","href":"https:\/\/api.w.org\/{rel}","templated":true}]}}