{"id":25539,"date":"2025-10-13T21:45:29","date_gmt":"2025-10-13T21:45:29","guid":{"rendered":"https:\/\/cipele.ba\/shop\/uncategorized\/kander-ercis-ps\/"},"modified":"2026-04-21T23:32:49","modified_gmt":"2026-04-21T23:32:49","slug":"kander-ercis-ps","status":"publish","type":"product","link":"https:\/\/cipele.ba\/en\/shop\/djeca\/djecije-cizme\/kander-ercis-ps\/","title":{"rendered":"Kander ERCIS PS"},"content":{"rendered":"<p>Kander ERCIS dje\u010dije \u010dizme su pouzdan izbor za hladne i vla\u017ene dane, posebno dizajnirane za manju djecu. Zahvaljuju\u0107i vodootpornoj konstrukciji i robusnom dizajnu, pru\u017eaju za\u0161titu, udobnost i sigurnost pri svakom koraku \u2013 bilo da se radi o \u0161etnji, igri ili odlasku u \u0161kolu.<br \/>Detalji:<\/p>\n<li> Vodootporna za\u0161tita \u2013 \u0161titi dje\u010dije stopalo od ki\u0161e, snijega i vlage.<\/li>\n<li> Duboki model za sigurnost \u2013 stabilan dizajn pru\u017ea dodatnu podr\u0161ku i toplinu.<\/li>\n<li> Prakti\u010dne za svakodnevnu upotrebu \u2013 lako se obuvaju i kombinuju uz zimsku garderobu. <\/li>","protected":false},"excerpt":{"rendered":"<p>Kander ERCIS dje\u010dije \u010dizme su pouzdan izbor za hladne i vla\u017ene dane, posebno dizajnirane za manju djecu. Zahvaljuju\u0107i vodootpornoj konstrukciji i robusnom dizajnu, pru\u017eaju za\u0161titu, udobnost i sigurnost pri svakom koraku \u2013 bilo da se radi o \u0161etnji, igri ili odlasku u \u0161kolu.Detalji: Vodootporna za\u0161tita \u2013 \u0161titi dje\u010dije stopalo od ki\u0161e, snijega i vlage. Duboki [&hellip;]<\/p>","protected":false},"featured_media":25536,"template":"","meta":{"jetpack_post_was_ever_published":false},"product_brand":[94],"product_cat":[60],"product_tag":[],"class_list":{"0":"post-25539","1":"product","2":"type-product","3":"status-publish","4":"has-post-thumbnail","6":"product_brand-sport_vision","7":"product_cat-djecije-cizme","9":"first","10":"instock","11":"sale","12":"shipping-taxable","13":"product-type-external"},"jetpack-related-posts":[],"jetpack_sharing_enabled":true,"_links":{"self":[{"href":"https:\/\/cipele.ba\/en\/wp-json\/wp\/v2\/product\/25539","targetHints":{"allow":["GET"]}}],"collection":[{"href":"https:\/\/cipele.ba\/en\/wp-json\/wp\/v2\/product"}],"about":[{"href":"https:\/\/cipele.ba\/en\/wp-json\/wp\/v2\/types\/product"}],"wp:featuredmedia":[{"embeddable":true,"href":"https:\/\/cipele.ba\/en\/wp-json\/wp\/v2\/media\/25536"}],"wp:attachment":[{"href":"https:\/\/cipele.ba\/en\/wp-json\/wp\/v2\/media?parent=25539"}],"wp:term":[{"taxonomy":"product_brand","embeddable":true,"href":"https:\/\/cipele.ba\/en\/wp-json\/wp\/v2\/product_brand?post=25539"},{"taxonomy":"product_cat","embeddable":true,"href":"https:\/\/cipele.ba\/en\/wp-json\/wp\/v2\/product_cat?post=25539"},{"taxonomy":"product_tag","embeddable":true,"href":"https:\/\/cipele.ba\/en\/wp-json\/wp\/v2\/product_tag?post=25539"}],"curies":[{"name":"wp","href":"https:\/\/api.w.org\/{rel}","templated":true}]}}