{"id":25544,"date":"2025-10-13T21:45:31","date_gmt":"2025-10-13T21:45:31","guid":{"rendered":"https:\/\/cipele.ba\/shop\/uncategorized\/kander-nevis\/"},"modified":"2026-04-20T04:05:54","modified_gmt":"2026-04-20T04:05:54","slug":"kander-nevis","status":"publish","type":"product","link":"https:\/\/cipele.ba\/en\/shop\/djeca\/djecije-cizme\/kander-nevis\/","title":{"rendered":"Kander Nevis"},"content":{"rendered":"<\/p>\n<p> Kander Nevis outdoor patike za djevoj\u010dice pru\u017eaju pouzdanu za\u0161titu i udobnost za cjelodnevne aktivnosti. <\/p>\n<\/p>\n<p> <b> Detalji <\/b> <\/p>\n<li> Moderan vodootporni dizajn odr\u017eava stopala suvim i za\u0161ti\u0107enim u vla\u017enim uslovima <\/li>\n<li> Dizajn s pertlanjem i \u010di\u010dak-trakom za \u010dvrsto i prilagodljivo prianjanje <\/li>\n<li> Jezi\u010dak na peti za lak\u0161e obuvanje i izuvanje <\/li>\n<li> Izdr\u017eljivi gumeni spoljni \u0111on pru\u017ea vrhunsko prianjanje i stabilnost na razli\u010ditim povr\u0161inama <\/li>","protected":false},"excerpt":{"rendered":"<p>Kander Nevis outdoor patike za djevoj\u010dice pru\u017eaju pouzdanu za\u0161titu i udobnost za cjelodnevne aktivnosti. Detalji Moderan vodootporni dizajn odr\u017eava stopala suvim i za\u0161ti\u0107enim u vla\u017enim uslovima Dizajn s pertlanjem i \u010di\u010dak-trakom za \u010dvrsto i prilagodljivo prianjanje Jezi\u010dak na peti za lak\u0161e obuvanje i izuvanje Izdr\u017eljivi gumeni spoljni \u0111on pru\u017ea vrhunsko prianjanje i stabilnost na razli\u010ditim [&hellip;]<\/p>","protected":false},"featured_media":25541,"template":"","meta":{"jetpack_post_was_ever_published":false},"product_brand":[94],"product_cat":[60],"product_tag":[],"class_list":{"0":"post-25544","1":"product","2":"type-product","3":"status-publish","4":"has-post-thumbnail","6":"product_brand-sport_vision","7":"product_cat-djecije-cizme","9":"first","10":"instock","11":"sale","12":"shipping-taxable","13":"product-type-external"},"jetpack-related-posts":[],"jetpack_sharing_enabled":true,"_links":{"self":[{"href":"https:\/\/cipele.ba\/en\/wp-json\/wp\/v2\/product\/25544","targetHints":{"allow":["GET"]}}],"collection":[{"href":"https:\/\/cipele.ba\/en\/wp-json\/wp\/v2\/product"}],"about":[{"href":"https:\/\/cipele.ba\/en\/wp-json\/wp\/v2\/types\/product"}],"wp:featuredmedia":[{"embeddable":true,"href":"https:\/\/cipele.ba\/en\/wp-json\/wp\/v2\/media\/25541"}],"wp:attachment":[{"href":"https:\/\/cipele.ba\/en\/wp-json\/wp\/v2\/media?parent=25544"}],"wp:term":[{"taxonomy":"product_brand","embeddable":true,"href":"https:\/\/cipele.ba\/en\/wp-json\/wp\/v2\/product_brand?post=25544"},{"taxonomy":"product_cat","embeddable":true,"href":"https:\/\/cipele.ba\/en\/wp-json\/wp\/v2\/product_cat?post=25544"},{"taxonomy":"product_tag","embeddable":true,"href":"https:\/\/cipele.ba\/en\/wp-json\/wp\/v2\/product_tag?post=25544"}],"curies":[{"name":"wp","href":"https:\/\/api.w.org\/{rel}","templated":true}]}}