{"id":25545,"date":"2025-10-13T21:45:32","date_gmt":"2025-10-13T21:45:32","guid":{"rendered":"https:\/\/cipele.ba\/shop\/uncategorized\/adidas-terrex-ax4r-2\/"},"modified":"2026-04-16T00:52:34","modified_gmt":"2026-04-16T00:52:34","slug":"adidas-terrex-ax4r-2","status":"publish","type":"product","link":"https:\/\/cipele.ba\/en\/shop\/djeca\/djecije-cizme\/adidas-terrex-ax4r-2\/","title":{"rendered":"adidas Terrex AX4R"},"content":{"rendered":"<\/p>\n<p> adidas Terrex AX4R su dje\u010dije patike za hajking koje \u0107e im osigurati balans za\u0161tite, udobnosti i prianjanja za tlo za prilagodljivu upotrebu. <\/p>\n<\/p>\n<p> <b> Detalji <\/b> <\/p>\n<li> Profil srednje visine pru\u017ea dodatnu pokrivenost \u010dlanka <\/li>\n<li> Sna\u017eni Traxion spoljni \u0111on pru\u017ea pouzdano prianjanje na kamenitim i neravnim stazama <\/li>\n<li> Alatka za merenje Adifit ulo\u0161ka osigurava pravu veli\u010dinu <b> Eco Story <\/b> <\/li>\n<li> Ovaj model sadr\u017ei najmanje 20% recikliranog i obnovljivog materijala. <\/li>","protected":false},"excerpt":{"rendered":"<p>adidas Terrex AX4R su dje\u010dije patike za hajking koje \u0107e im osigurati balans za\u0161tite, udobnosti i prianjanja za tlo za prilagodljivu upotrebu. Detalji Profil srednje visine pru\u017ea dodatnu pokrivenost \u010dlanka Sna\u017eni Traxion spoljni \u0111on pru\u017ea pouzdano prianjanje na kamenitim i neravnim stazama Alatka za merenje Adifit ulo\u0161ka osigurava pravu veli\u010dinu Eco Story Ovaj model sadr\u017ei [&hellip;]<\/p>","protected":false},"featured_media":25542,"template":"","meta":{"jetpack_post_was_ever_published":false},"product_brand":[94],"product_cat":[60],"product_tag":[],"class_list":{"0":"post-25545","1":"product","2":"type-product","3":"status-publish","4":"has-post-thumbnail","6":"product_brand-sport_vision","7":"product_cat-djecije-cizme","9":"first","10":"instock","11":"sale","12":"shipping-taxable","13":"product-type-external"},"jetpack-related-posts":[],"jetpack_sharing_enabled":true,"_links":{"self":[{"href":"https:\/\/cipele.ba\/en\/wp-json\/wp\/v2\/product\/25545","targetHints":{"allow":["GET"]}}],"collection":[{"href":"https:\/\/cipele.ba\/en\/wp-json\/wp\/v2\/product"}],"about":[{"href":"https:\/\/cipele.ba\/en\/wp-json\/wp\/v2\/types\/product"}],"wp:featuredmedia":[{"embeddable":true,"href":"https:\/\/cipele.ba\/en\/wp-json\/wp\/v2\/media\/25542"}],"wp:attachment":[{"href":"https:\/\/cipele.ba\/en\/wp-json\/wp\/v2\/media?parent=25545"}],"wp:term":[{"taxonomy":"product_brand","embeddable":true,"href":"https:\/\/cipele.ba\/en\/wp-json\/wp\/v2\/product_brand?post=25545"},{"taxonomy":"product_cat","embeddable":true,"href":"https:\/\/cipele.ba\/en\/wp-json\/wp\/v2\/product_cat?post=25545"},{"taxonomy":"product_tag","embeddable":true,"href":"https:\/\/cipele.ba\/en\/wp-json\/wp\/v2\/product_tag?post=25545"}],"curies":[{"name":"wp","href":"https:\/\/api.w.org\/{rel}","templated":true}]}}