{"id":25555,"date":"2025-10-13T21:45:37","date_gmt":"2025-10-13T21:45:37","guid":{"rendered":"https:\/\/cipele.ba\/shop\/uncategorized\/kander-windy\/"},"modified":"2026-04-21T20:48:19","modified_gmt":"2026-04-21T20:48:19","slug":"kander-windy","status":"publish","type":"product","link":"https:\/\/cipele.ba\/en\/shop\/djeca\/djecije-cizme\/kander-windy\/","title":{"rendered":"Kander Windy"},"content":{"rendered":"<\/p>\n<p> Kander Windy Outdoor \u010dizme za djevoj\u010dice dizajnirane su da pru\u017ee savr\u0161enu kombinaciju fleksibilnosti i potpore za dje\u010dija stopala. <\/p>\n<\/p>\n<p> <b> Detalji <\/b> <\/p>\n<li> Vodootporno gornji\u0161te <\/li>\n<li> Sistem brzog pertlanja elasti\u010dnim pertlama za lako pode\u0161avanje <\/li>\n<li> \u010ci\u010dak-traka na gornjem dijelu za uski kroj oko \u010dlanka <\/li>\n<li> Gumeni \u0111on pru\u017ea vrhunsko prianjanje na svakoj povr\u0161ini <\/li>","protected":false},"excerpt":{"rendered":"<p>Kander Windy Outdoor \u010dizme za djevoj\u010dice dizajnirane su da pru\u017ee savr\u0161enu kombinaciju fleksibilnosti i potpore za dje\u010dija stopala. Detalji Vodootporno gornji\u0161te Sistem brzog pertlanja elasti\u010dnim pertlama za lako pode\u0161avanje \u010ci\u010dak-traka na gornjem dijelu za uski kroj oko \u010dlanka Gumeni \u0111on pru\u017ea vrhunsko prianjanje na svakoj povr\u0161ini<\/p>","protected":false},"featured_media":25553,"template":"","meta":{"jetpack_post_was_ever_published":false},"product_brand":[94],"product_cat":[60],"product_tag":[],"class_list":{"0":"post-25555","1":"product","2":"type-product","3":"status-publish","4":"has-post-thumbnail","6":"product_brand-sport_vision","7":"product_cat-djecije-cizme","9":"first","10":"instock","11":"sale","12":"shipping-taxable","13":"product-type-external"},"jetpack-related-posts":[],"jetpack_sharing_enabled":true,"_links":{"self":[{"href":"https:\/\/cipele.ba\/en\/wp-json\/wp\/v2\/product\/25555","targetHints":{"allow":["GET"]}}],"collection":[{"href":"https:\/\/cipele.ba\/en\/wp-json\/wp\/v2\/product"}],"about":[{"href":"https:\/\/cipele.ba\/en\/wp-json\/wp\/v2\/types\/product"}],"wp:featuredmedia":[{"embeddable":true,"href":"https:\/\/cipele.ba\/en\/wp-json\/wp\/v2\/media\/25553"}],"wp:attachment":[{"href":"https:\/\/cipele.ba\/en\/wp-json\/wp\/v2\/media?parent=25555"}],"wp:term":[{"taxonomy":"product_brand","embeddable":true,"href":"https:\/\/cipele.ba\/en\/wp-json\/wp\/v2\/product_brand?post=25555"},{"taxonomy":"product_cat","embeddable":true,"href":"https:\/\/cipele.ba\/en\/wp-json\/wp\/v2\/product_cat?post=25555"},{"taxonomy":"product_tag","embeddable":true,"href":"https:\/\/cipele.ba\/en\/wp-json\/wp\/v2\/product_tag?post=25555"}],"curies":[{"name":"wp","href":"https:\/\/api.w.org\/{rel}","templated":true}]}}